{"id":3286,"date":"2024-10-10T13:03:15","date_gmt":"2024-10-10T10:03:15","guid":{"rendered":"https:\/\/timko.wpfitness.dev\/produs\/paine-graham-nesarat-0-25-kg\/"},"modified":"2025-06-06T07:23:19","modified_gmt":"2025-06-06T04:23:19","slug":"sotlan-graham-kenyer-0-25-kg","status":"publish","type":"product","link":"https:\/\/timkobrut.ro\/hu\/termek\/sotlan-graham-kenyer-0-25-kg\/","title":{"rendered":"S\u00f3tlan graham keny\u00e9r 0,25 kg"},"content":{"rendered":"<p style=\"text-align: left;\">A hagyom\u00e1nyos, k\u00e9zm\u0171ves elj\u00e1r\u00e1ssal k\u00e9sz\u00fclt, term\u00e9szetes alapanyagokb\u00f3l el\u0151\u00e1ll\u00edtott di\u00e9t\u00e1s s\u00f3tlan graham keny\u00e9r 0,25 kg-os kiszerel\u00e9sben kaphat\u00f3. Ide\u00e1lis v\u00e1laszt\u00e1s azok sz\u00e1m\u00e1ra, akik szeretn\u00e9k cs\u00f6kkenteni a n\u00e1triumbevitel\u00fcket, vagy akiknek az \u00e9trendj\u00fckben ker\u00fclni\u00fck kell a s\u00f3t. Eg\u00e9szs\u00e9ges \u00e9s t\u00e1pl\u00e1l\u00f3, j\u00f3l illeszkedik a kiegyens\u00falyozott \u00e9trendbe.<\/p>\n","protected":false},"excerpt":{"rendered":"<p>A hagyom\u00e1nyos, k\u00e9zm\u0171ves elj\u00e1r\u00e1ssal k\u00e9sz\u00fclt, term\u00e9szetes alapanyagokb\u00f3l el\u0151\u00e1ll\u00edtott di\u00e9t\u00e1s s\u00f3tlan graham keny\u00e9r 0,25 kg-os kiszerel\u00e9sben kaphat\u00f3. Ide\u00e1lis v\u00e1laszt\u00e1s azok sz\u00e1m\u00e1ra, akik szeretn\u00e9k cs\u00f6kkenteni a n\u00e1triumbevitel\u00fcket, vagy akiknek az \u00e9trendj\u00fckben ker\u00fclni\u00fck kell a s\u00f3t. Eg\u00e9szs\u00e9ges \u00e9s t\u00e1pl\u00e1l\u00f3, j\u00f3l illeszkedik a kiegyens\u00falyozott \u00e9trendbe.<\/p>\n","protected":false},"featured_media":4026,"comment_status":"open","ping_status":"closed","template":"","meta":{"_acf_changed":false,"_kad_blocks_custom_css":"","_kad_blocks_head_custom_js":"","_kad_blocks_body_custom_js":"","_kad_blocks_footer_custom_js":"","_kad_post_transparent":"default","_kad_post_title":"","_kad_post_layout":"default","_kad_post_sidebar_id":"","_kad_post_content_style":"default","_kad_post_vertical_padding":"default","_kad_post_feature":"","_kad_post_feature_position":"","_kad_post_header":false,"_kad_post_footer":false},"product_brand":[],"product_cat":[926,950],"product_tag":[],"class_list":{"0":"post-3286","1":"product","2":"type-product","3":"status-publish","4":"has-post-thumbnail","6":"product_cat-kenyerek","7":"product_cat-specialitasok","9":"first","10":"instock","11":"taxable","12":"shipping-taxable","13":"product-type-simple","14":"entry","15":"content-bg","16":"loop-entry"},"acf":[],"taxonomy_info":{"product_cat":[{"value":926,"label":"Kenyerek"},{"value":950,"label":"Specialit\u00e1sok"}]},"featured_image_src_large":["https:\/\/timkobrut.ro\/wp-content\/uploads\/2024\/10\/Sotlan-graham-3.jpg",400,225,false],"author_info":[],"comment_info":0,"_links":{"self":[{"href":"https:\/\/timkobrut.ro\/hu\/wp-json\/wp\/v2\/product\/3286","targetHints":{"allow":["GET"]}}],"collection":[{"href":"https:\/\/timkobrut.ro\/hu\/wp-json\/wp\/v2\/product"}],"about":[{"href":"https:\/\/timkobrut.ro\/hu\/wp-json\/wp\/v2\/types\/product"}],"replies":[{"embeddable":true,"href":"https:\/\/timkobrut.ro\/hu\/wp-json\/wp\/v2\/comments?post=3286"}],"wp:featuredmedia":[{"embeddable":true,"href":"https:\/\/timkobrut.ro\/hu\/wp-json\/wp\/v2\/media\/4026"}],"wp:attachment":[{"href":"https:\/\/timkobrut.ro\/hu\/wp-json\/wp\/v2\/media?parent=3286"}],"wp:term":[{"taxonomy":"product_brand","embeddable":true,"href":"https:\/\/timkobrut.ro\/hu\/wp-json\/wp\/v2\/product_brand?post=3286"},{"taxonomy":"product_cat","embeddable":true,"href":"https:\/\/timkobrut.ro\/hu\/wp-json\/wp\/v2\/product_cat?post=3286"},{"taxonomy":"product_tag","embeddable":true,"href":"https:\/\/timkobrut.ro\/hu\/wp-json\/wp\/v2\/product_tag?post=3286"}],"curies":[{"name":"wp","href":"https:\/\/api.w.org\/{rel}","templated":true}]}}