{"id":3262,"date":"2024-10-10T13:03:26","date_gmt":"2024-10-10T10:03:26","guid":{"rendered":"https:\/\/timko.wpfitness.dev\/produs\/retro-szalamis-szendvics-175-g\/"},"modified":"2025-05-07T11:54:46","modified_gmt":"2025-05-07T08:54:46","slug":"retro-szalamis-szendvics-175-g","status":"publish","type":"product","link":"https:\/\/timkobrut.ro\/hu\/termek\/retro-szalamis-szendvics-175-g\/","title":{"rendered":"Retr\u00f3 szal\u00e1mis szendvics"},"content":{"rendered":"<p>A k\u00e9zm\u0171ves szez\u00e1mmagos zseml\u00e9ben gazdag \u00edz\u0171 rusztikus szal\u00e1mi, sajt, friss sal\u00e1ta \u00e9s paprika tal\u00e1lhat\u00f3. A hagyom\u00e1nyos recept alapj\u00e1n k\u00e9sz\u00fclt szendvics minden falatban a klasszikus \u00edzeket \u00e9s frissess\u00e9get biztos\u00edt term\u00e9szetes alapanyagok felhaszn\u00e1l\u00e1s\u00e1val.<\/p>\n","protected":false},"excerpt":{"rendered":"<p>A k\u00e9zm\u0171ves szez\u00e1mmagos zseml\u00e9ben gazdag \u00edz\u0171 rusztikus szal\u00e1mi, sajt, friss sal\u00e1ta \u00e9s paprika tal\u00e1lhat\u00f3. A hagyom\u00e1nyos recept alapj\u00e1n k\u00e9sz\u00fclt szendvics minden falatban a klasszikus \u00edzeket \u00e9s frissess\u00e9get biztos\u00edt term\u00e9szetes alapanyagok felhaszn\u00e1l\u00e1s\u00e1val.<\/p>\n","protected":false},"featured_media":4218,"comment_status":"open","ping_status":"closed","template":"","meta":{"_acf_changed":false,"_kad_blocks_custom_css":"","_kad_blocks_head_custom_js":"","_kad_blocks_body_custom_js":"","_kad_blocks_footer_custom_js":"","_kad_post_transparent":"default","_kad_post_title":"","_kad_post_layout":"default","_kad_post_sidebar_id":"","_kad_post_content_style":"default","_kad_post_vertical_padding":"default","_kad_post_feature":"","_kad_post_feature_position":"","_kad_post_header":false,"_kad_post_footer":false},"product_brand":[],"product_cat":[934],"product_tag":[],"class_list":{"0":"post-3262","1":"product","2":"type-product","3":"status-publish","4":"has-post-thumbnail","6":"product_cat-szendvicsek","8":"first","9":"instock","10":"taxable","11":"shipping-taxable","12":"product-type-simple","13":"entry","14":"content-bg","15":"loop-entry"},"acf":[],"taxonomy_info":{"product_cat":[{"value":934,"label":"Szendvicsek"}]},"featured_image_src_large":["https:\/\/timkobrut.ro\/wp-content\/uploads\/2024\/10\/Retro-szalamis-sandwich.jpg",400,225,false],"author_info":[],"comment_info":0,"_links":{"self":[{"href":"https:\/\/timkobrut.ro\/hu\/wp-json\/wp\/v2\/product\/3262","targetHints":{"allow":["GET"]}}],"collection":[{"href":"https:\/\/timkobrut.ro\/hu\/wp-json\/wp\/v2\/product"}],"about":[{"href":"https:\/\/timkobrut.ro\/hu\/wp-json\/wp\/v2\/types\/product"}],"replies":[{"embeddable":true,"href":"https:\/\/timkobrut.ro\/hu\/wp-json\/wp\/v2\/comments?post=3262"}],"wp:featuredmedia":[{"embeddable":true,"href":"https:\/\/timkobrut.ro\/hu\/wp-json\/wp\/v2\/media\/4218"}],"wp:attachment":[{"href":"https:\/\/timkobrut.ro\/hu\/wp-json\/wp\/v2\/media?parent=3262"}],"wp:term":[{"taxonomy":"product_brand","embeddable":true,"href":"https:\/\/timkobrut.ro\/hu\/wp-json\/wp\/v2\/product_brand?post=3262"},{"taxonomy":"product_cat","embeddable":true,"href":"https:\/\/timkobrut.ro\/hu\/wp-json\/wp\/v2\/product_cat?post=3262"},{"taxonomy":"product_tag","embeddable":true,"href":"https:\/\/timkobrut.ro\/hu\/wp-json\/wp\/v2\/product_tag?post=3262"}],"curies":[{"name":"wp","href":"https:\/\/api.w.org\/{rel}","templated":true}]}}