{"id":3261,"date":"2024-10-10T13:03:26","date_gmt":"2024-10-10T10:03:26","guid":{"rendered":"https:\/\/timko.wpfitness.dev\/produs\/pulykamell-sonkas-szendvics-175-g\/"},"modified":"2025-05-13T13:22:20","modified_gmt":"2025-05-13T10:22:20","slug":"pulykamell-sonkas-szendvics","status":"publish","type":"product","link":"https:\/\/timkobrut.ro\/hu\/termek\/pulykamell-sonkas-szendvics\/","title":{"rendered":"Pulykamell sonk\u00e1s szendvics"},"content":{"rendered":"<p>Ez a szendvics hagyom\u00e1nyos k\u00e9zm\u0171ves szez\u00e1mmagos zseml\u00e9b\u0151l k\u00e9sz\u00fclt, amelyben finom pulykasonka, kr\u00e9mes sajt, friss sal\u00e1ta \u00e9s ropog\u00f3s paprika tal\u00e1lhat\u00f3. A term\u00e9szetes alapanyagokb\u00f3l k\u00e9sz\u00fclt term\u00e9k kiv\u00e1l\u00f3 v\u00e1laszt\u00e1s azok sz\u00e1m\u00e1ra, akik szeretn\u00e9k eg\u00e9szs\u00e9gesen, de \u00edzletesen megoldani napi \u00e9tkez\u00e9seiket. Ide\u00e1lis v\u00e1laszt\u00e1s gyors eb\u00e9dhez, snackhez vagy munkahelyi uzsonn\u00e1hoz.<\/p>\n","protected":false},"excerpt":{"rendered":"<p>Ez a szendvics hagyom\u00e1nyos k\u00e9zm\u0171ves szez\u00e1mmagos zseml\u00e9b\u0151l k\u00e9sz\u00fclt, amelyben finom pulykasonka, kr\u00e9mes sajt, friss sal\u00e1ta \u00e9s ropog\u00f3s paprika tal\u00e1lhat\u00f3. A term\u00e9szetes alapanyagokb\u00f3l k\u00e9sz\u00fclt term\u00e9k kiv\u00e1l\u00f3 v\u00e1laszt\u00e1s azok sz\u00e1m\u00e1ra, akik szeretn\u00e9k eg\u00e9szs\u00e9gesen, de \u00edzletesen megoldani napi \u00e9tkez\u00e9seiket. Ide\u00e1lis v\u00e1laszt\u00e1s gyors eb\u00e9dhez, snackhez vagy munkahelyi uzsonn\u00e1hoz.<\/p>\n","protected":false},"featured_media":4215,"comment_status":"open","ping_status":"closed","template":"","meta":{"_acf_changed":false,"_kad_blocks_custom_css":"","_kad_blocks_head_custom_js":"","_kad_blocks_body_custom_js":"","_kad_blocks_footer_custom_js":"","_kad_post_transparent":"default","_kad_post_title":"","_kad_post_layout":"default","_kad_post_sidebar_id":"","_kad_post_content_style":"default","_kad_post_vertical_padding":"default","_kad_post_feature":"","_kad_post_feature_position":"","_kad_post_header":false,"_kad_post_footer":false},"product_brand":[],"product_cat":[934],"product_tag":[],"class_list":{"0":"post-3261","1":"product","2":"type-product","3":"status-publish","4":"has-post-thumbnail","6":"product_cat-szendvicsek","8":"first","9":"instock","10":"taxable","11":"shipping-taxable","12":"product-type-simple","13":"entry","14":"content-bg","15":"loop-entry"},"acf":[],"taxonomy_info":{"product_cat":[{"value":934,"label":"Szendvicsek"}]},"featured_image_src_large":["https:\/\/timkobrut.ro\/wp-content\/uploads\/2024\/10\/Pulyka-sonkas-sandwich.jpg",400,225,false],"author_info":[],"comment_info":0,"_links":{"self":[{"href":"https:\/\/timkobrut.ro\/hu\/wp-json\/wp\/v2\/product\/3261","targetHints":{"allow":["GET"]}}],"collection":[{"href":"https:\/\/timkobrut.ro\/hu\/wp-json\/wp\/v2\/product"}],"about":[{"href":"https:\/\/timkobrut.ro\/hu\/wp-json\/wp\/v2\/types\/product"}],"replies":[{"embeddable":true,"href":"https:\/\/timkobrut.ro\/hu\/wp-json\/wp\/v2\/comments?post=3261"}],"wp:featuredmedia":[{"embeddable":true,"href":"https:\/\/timkobrut.ro\/hu\/wp-json\/wp\/v2\/media\/4215"}],"wp:attachment":[{"href":"https:\/\/timkobrut.ro\/hu\/wp-json\/wp\/v2\/media?parent=3261"}],"wp:term":[{"taxonomy":"product_brand","embeddable":true,"href":"https:\/\/timkobrut.ro\/hu\/wp-json\/wp\/v2\/product_brand?post=3261"},{"taxonomy":"product_cat","embeddable":true,"href":"https:\/\/timkobrut.ro\/hu\/wp-json\/wp\/v2\/product_cat?post=3261"},{"taxonomy":"product_tag","embeddable":true,"href":"https:\/\/timkobrut.ro\/hu\/wp-json\/wp\/v2\/product_tag?post=3261"}],"curies":[{"name":"wp","href":"https:\/\/api.w.org\/{rel}","templated":true}]}}