{"id":3260,"date":"2024-10-10T13:03:25","date_gmt":"2024-10-10T10:03:25","guid":{"rendered":"https:\/\/timko.wpfitness.dev\/produs\/cigany-sonkas-szendvics-175-g\/"},"modified":"2025-05-07T11:56:35","modified_gmt":"2025-05-07T08:56:35","slug":"cigany-sonkas-szendvics-175-g","status":"publish","type":"product","link":"https:\/\/timkobrut.ro\/hu\/termek\/cigany-sonkas-szendvics-175-g\/","title":{"rendered":"Cig\u00e1ny sonk\u00e1s szendvics"},"content":{"rendered":"<p>A korp\u00e1s zseml\u00e9be t\u00f6lt\u00f6tt cig\u00e1ny sonka ide\u00e1lis v\u00e1laszt\u00e1s azoknak, akik a hagyom\u00e1nyos \u00edzeket kedvelik. Az egyszer\u0171, de \u00edzletes szendvics friss, term\u00e9szetes alapanyagokb\u00f3l k\u00e9sz\u00fclt, t\u00f6k\u00e9letes egy gyors \u00e9s laktat\u00f3 \u00e9tkez\u00e9shez.<\/p>\n","protected":false},"excerpt":{"rendered":"<p>A korp\u00e1s zseml\u00e9be t\u00f6lt\u00f6tt cig\u00e1ny sonka ide\u00e1lis v\u00e1laszt\u00e1s azoknak, akik a hagyom\u00e1nyos \u00edzeket kedvelik. Az egyszer\u0171, de \u00edzletes szendvics friss, term\u00e9szetes alapanyagokb\u00f3l k\u00e9sz\u00fclt, t\u00f6k\u00e9letes egy gyors \u00e9s laktat\u00f3 \u00e9tkez\u00e9shez.<\/p>\n","protected":false},"featured_media":4233,"comment_status":"open","ping_status":"closed","template":"","meta":{"_acf_changed":false,"_kad_blocks_custom_css":"","_kad_blocks_head_custom_js":"","_kad_blocks_body_custom_js":"","_kad_blocks_footer_custom_js":"","_kad_post_transparent":"default","_kad_post_title":"","_kad_post_layout":"default","_kad_post_sidebar_id":"","_kad_post_content_style":"default","_kad_post_vertical_padding":"default","_kad_post_feature":"","_kad_post_feature_position":"","_kad_post_header":false,"_kad_post_footer":false},"product_brand":[],"product_cat":[934],"product_tag":[],"class_list":{"0":"post-3260","1":"product","2":"type-product","3":"status-publish","4":"has-post-thumbnail","6":"product_cat-szendvicsek","8":"first","9":"instock","10":"taxable","11":"shipping-taxable","12":"product-type-simple","13":"entry","14":"content-bg","15":"loop-entry"},"acf":[],"taxonomy_info":{"product_cat":[{"value":934,"label":"Szendvicsek"}]},"featured_image_src_large":["https:\/\/timkobrut.ro\/wp-content\/uploads\/2024\/10\/Ciganysonkas-sandwich.jpg",400,225,false],"author_info":[],"comment_info":0,"_links":{"self":[{"href":"https:\/\/timkobrut.ro\/hu\/wp-json\/wp\/v2\/product\/3260","targetHints":{"allow":["GET"]}}],"collection":[{"href":"https:\/\/timkobrut.ro\/hu\/wp-json\/wp\/v2\/product"}],"about":[{"href":"https:\/\/timkobrut.ro\/hu\/wp-json\/wp\/v2\/types\/product"}],"replies":[{"embeddable":true,"href":"https:\/\/timkobrut.ro\/hu\/wp-json\/wp\/v2\/comments?post=3260"}],"wp:featuredmedia":[{"embeddable":true,"href":"https:\/\/timkobrut.ro\/hu\/wp-json\/wp\/v2\/media\/4233"}],"wp:attachment":[{"href":"https:\/\/timkobrut.ro\/hu\/wp-json\/wp\/v2\/media?parent=3260"}],"wp:term":[{"taxonomy":"product_brand","embeddable":true,"href":"https:\/\/timkobrut.ro\/hu\/wp-json\/wp\/v2\/product_brand?post=3260"},{"taxonomy":"product_cat","embeddable":true,"href":"https:\/\/timkobrut.ro\/hu\/wp-json\/wp\/v2\/product_cat?post=3260"},{"taxonomy":"product_tag","embeddable":true,"href":"https:\/\/timkobrut.ro\/hu\/wp-json\/wp\/v2\/product_tag?post=3260"}],"curies":[{"name":"wp","href":"https:\/\/api.w.org\/{rel}","templated":true}]}}