{"id":3256,"date":"2024-10-10T13:03:25","date_gmt":"2024-10-10T10:03:25","guid":{"rendered":"https:\/\/timko.wpfitness.dev\/produs\/mogyoro-fagylalt\/"},"modified":"2025-05-02T10:18:53","modified_gmt":"2025-05-02T07:18:53","slug":"mogyoro-fagylalt","status":"publish","type":"product","link":"https:\/\/timkobrut.ro\/hu\/termek\/mogyoro-fagylalt\/","title":{"rendered":"Mogyor\u00f3 fagylalt"},"content":{"rendered":"<p>A mogyor\u00f3 fagylalt gazdag, kr\u00e9mes text\u00far\u00e1val \u00e9s intenz\u00edv mogyor\u00f3 \u00edzzel rendelkezik, amelyet term\u00e9szetes mogyor\u00f3 p\u00fcr\u00e9 biztos\u00edt. Ide\u00e1lis v\u00e1laszt\u00e1s azoknak, akik kedvelik a gazdag \u00e9s karakteres desszerteket.<\/p>\n","protected":false},"excerpt":{"rendered":"<p>A mogyor\u00f3 fagylalt gazdag, kr\u00e9mes text\u00far\u00e1val \u00e9s intenz\u00edv mogyor\u00f3 \u00edzzel rendelkezik, amelyet term\u00e9szetes mogyor\u00f3 p\u00fcr\u00e9 biztos\u00edt. Ide\u00e1lis v\u00e1laszt\u00e1s azoknak, akik kedvelik a gazdag \u00e9s karakteres desszerteket.<\/p>\n","protected":false},"featured_media":4373,"comment_status":"open","ping_status":"closed","template":"","meta":{"_acf_changed":false,"_kad_blocks_custom_css":"","_kad_blocks_head_custom_js":"","_kad_blocks_body_custom_js":"","_kad_blocks_footer_custom_js":"","_kad_post_transparent":"default","_kad_post_title":"","_kad_post_layout":"default","_kad_post_sidebar_id":"","_kad_post_content_style":"default","_kad_post_vertical_padding":"default","_kad_post_feature":"","_kad_post_feature_position":"","_kad_post_header":false,"_kad_post_footer":false},"product_brand":[],"product_cat":[933,949],"product_tag":[],"class_list":{"0":"post-3256","1":"product","2":"type-product","3":"status-publish","4":"has-post-thumbnail","6":"product_cat-fagylaltok","7":"product_cat-poharas-fagylaltok","9":"first","10":"instock","11":"taxable","12":"shipping-taxable","13":"product-type-simple","14":"entry","15":"content-bg","16":"loop-entry"},"acf":[],"taxonomy_info":{"product_cat":[{"value":933,"label":"Fagylaltok"},{"value":949,"label":"Poharas fagylaltok"}]},"featured_image_src_large":["https:\/\/timkobrut.ro\/wp-content\/uploads\/2024\/10\/Inghetata-alune.jpg",400,225,false],"author_info":[],"comment_info":0,"_links":{"self":[{"href":"https:\/\/timkobrut.ro\/hu\/wp-json\/wp\/v2\/product\/3256","targetHints":{"allow":["GET"]}}],"collection":[{"href":"https:\/\/timkobrut.ro\/hu\/wp-json\/wp\/v2\/product"}],"about":[{"href":"https:\/\/timkobrut.ro\/hu\/wp-json\/wp\/v2\/types\/product"}],"replies":[{"embeddable":true,"href":"https:\/\/timkobrut.ro\/hu\/wp-json\/wp\/v2\/comments?post=3256"}],"wp:featuredmedia":[{"embeddable":true,"href":"https:\/\/timkobrut.ro\/hu\/wp-json\/wp\/v2\/media\/4373"}],"wp:attachment":[{"href":"https:\/\/timkobrut.ro\/hu\/wp-json\/wp\/v2\/media?parent=3256"}],"wp:term":[{"taxonomy":"product_brand","embeddable":true,"href":"https:\/\/timkobrut.ro\/hu\/wp-json\/wp\/v2\/product_brand?post=3256"},{"taxonomy":"product_cat","embeddable":true,"href":"https:\/\/timkobrut.ro\/hu\/wp-json\/wp\/v2\/product_cat?post=3256"},{"taxonomy":"product_tag","embeddable":true,"href":"https:\/\/timkobrut.ro\/hu\/wp-json\/wp\/v2\/product_tag?post=3256"}],"curies":[{"name":"wp","href":"https:\/\/api.w.org\/{rel}","templated":true}]}}