{"id":3254,"date":"2024-10-10T13:03:25","date_gmt":"2024-10-10T10:03:25","guid":{"rendered":"https:\/\/timko.wpfitness.dev\/produs\/erdei-gyumolcs-fagylalta\/"},"modified":"2025-05-02T10:01:03","modified_gmt":"2025-05-02T07:01:03","slug":"erdei-gyumolcs-fagylalt-2","status":"publish","type":"product","link":"https:\/\/timkobrut.ro\/hu\/termek\/erdei-gyumolcs-fagylalt-2\/","title":{"rendered":"Erdei gy\u00fcm\u00f6lcs fagylalt"},"content":{"rendered":"<p>Az erdei gy\u00fcm\u00f6lcs fagylalt friss \u00e9s \u00edzletes, hagyom\u00e1nyos recept alapj\u00e1n gazdag gy\u00fcm\u00f6lcsdarabk\u00e1kkal k\u00e9sz\u00fclt, term\u00e9szetes alapanyagok felhaszn\u00e1l\u00e1s\u00e1val. \u00cdzvil\u00e1ga t\u00f6k\u00e9letesen t\u00fckr\u00f6zi az erdei gy\u00fcm\u00f6lcs\u00f6k soksz\u00edn\u0171s\u00e9g\u00e9t \u00e9s \u00edzvil\u00e1g\u00e1t, friss\u00edt\u0151 v\u00e1laszt\u00e1s a forr\u00f3 napokra.<\/p>\n","protected":false},"excerpt":{"rendered":"<p>Az erdei gy\u00fcm\u00f6lcs fagylalt friss \u00e9s \u00edzletes, hagyom\u00e1nyos recept alapj\u00e1n gazdag gy\u00fcm\u00f6lcsdarabk\u00e1kkal k\u00e9sz\u00fclt, term\u00e9szetes alapanyagok felhaszn\u00e1l\u00e1s\u00e1val. \u00cdzvil\u00e1ga t\u00f6k\u00e9letesen t\u00fckr\u00f6zi az erdei gy\u00fcm\u00f6lcs\u00f6k soksz\u00edn\u0171s\u00e9g\u00e9t \u00e9s \u00edzvil\u00e1g\u00e1t, friss\u00edt\u0151 v\u00e1laszt\u00e1s a forr\u00f3 napokra.<\/p>\n","protected":false},"featured_media":4385,"comment_status":"open","ping_status":"closed","template":"","meta":{"_acf_changed":false,"_kad_blocks_custom_css":"","_kad_blocks_head_custom_js":"","_kad_blocks_body_custom_js":"","_kad_blocks_footer_custom_js":"","_kad_post_transparent":"default","_kad_post_title":"","_kad_post_layout":"default","_kad_post_sidebar_id":"","_kad_post_content_style":"default","_kad_post_vertical_padding":"default","_kad_post_feature":"","_kad_post_feature_position":"","_kad_post_header":false,"_kad_post_footer":false},"product_brand":[],"product_cat":[933,949],"product_tag":[],"class_list":{"0":"post-3254","1":"product","2":"type-product","3":"status-publish","4":"has-post-thumbnail","6":"product_cat-fagylaltok","7":"product_cat-poharas-fagylaltok","9":"first","10":"instock","11":"taxable","12":"shipping-taxable","13":"product-type-simple","14":"entry","15":"content-bg","16":"loop-entry"},"acf":[],"taxonomy_info":{"product_cat":[{"value":933,"label":"Fagylaltok"},{"value":949,"label":"Poharas fagylaltok"}]},"featured_image_src_large":["https:\/\/timkobrut.ro\/wp-content\/uploads\/2024\/10\/Inghetata-fructe-de-padure-1.jpg",400,225,false],"author_info":[],"comment_info":0,"_links":{"self":[{"href":"https:\/\/timkobrut.ro\/hu\/wp-json\/wp\/v2\/product\/3254","targetHints":{"allow":["GET"]}}],"collection":[{"href":"https:\/\/timkobrut.ro\/hu\/wp-json\/wp\/v2\/product"}],"about":[{"href":"https:\/\/timkobrut.ro\/hu\/wp-json\/wp\/v2\/types\/product"}],"replies":[{"embeddable":true,"href":"https:\/\/timkobrut.ro\/hu\/wp-json\/wp\/v2\/comments?post=3254"}],"wp:featuredmedia":[{"embeddable":true,"href":"https:\/\/timkobrut.ro\/hu\/wp-json\/wp\/v2\/media\/4385"}],"wp:attachment":[{"href":"https:\/\/timkobrut.ro\/hu\/wp-json\/wp\/v2\/media?parent=3254"}],"wp:term":[{"taxonomy":"product_brand","embeddable":true,"href":"https:\/\/timkobrut.ro\/hu\/wp-json\/wp\/v2\/product_brand?post=3254"},{"taxonomy":"product_cat","embeddable":true,"href":"https:\/\/timkobrut.ro\/hu\/wp-json\/wp\/v2\/product_cat?post=3254"},{"taxonomy":"product_tag","embeddable":true,"href":"https:\/\/timkobrut.ro\/hu\/wp-json\/wp\/v2\/product_tag?post=3254"}],"curies":[{"name":"wp","href":"https:\/\/api.w.org\/{rel}","templated":true}]}}