{"id":3250,"date":"2024-10-10T13:03:24","date_gmt":"2024-10-10T10:03:24","guid":{"rendered":"https:\/\/timko.wpfitness.dev\/produs\/csoki-fagylalt\/"},"modified":"2025-05-01T14:08:33","modified_gmt":"2025-05-01T11:08:33","slug":"csoki-fagylalt-2","status":"publish","type":"product","link":"https:\/\/timkobrut.ro\/hu\/termek\/csoki-fagylalt-2\/","title":{"rendered":"Csokol\u00e1d\u00e9 fagylalt"},"content":{"rendered":"<p>A k\u00e9zm\u0171ves csoki fagylalt gazdag, kr\u00e9mes csokol\u00e1d\u00e9 \u00edz\u00e9vel egy \u00edzletes h\u0171s\u00edt\u0151. Kiv\u00e1l\u00f3 min\u0151s\u00e9g\u0171 kaka\u00f3b\u00f3l k\u00e9sz\u00fclt, selymes \u00e1llag\u00fa, \u00e9s minden falatban \u00e9rezhet\u0151 a pr\u00e9mium csokol\u00e1d\u00e9 \u00edze. Ide\u00e1lis v\u00e1laszt\u00e1s, ha egy autentikus csokol\u00e1d\u00e9s desszertre v\u00e1gyik.<\/p>\n","protected":false},"excerpt":{"rendered":"<p>A k\u00e9zm\u0171ves csoki fagylalt gazdag, kr\u00e9mes csokol\u00e1d\u00e9 \u00edz\u00e9vel egy \u00edzletes h\u0171s\u00edt\u0151. Kiv\u00e1l\u00f3 min\u0151s\u00e9g\u0171 kaka\u00f3b\u00f3l k\u00e9sz\u00fclt, selymes \u00e1llag\u00fa, \u00e9s minden falatban \u00e9rezhet\u0151 a pr\u00e9mium csokol\u00e1d\u00e9 \u00edze. Ide\u00e1lis v\u00e1laszt\u00e1s, ha egy autentikus csokol\u00e1d\u00e9s desszertre v\u00e1gyik.<\/p>\n","protected":false},"featured_media":4370,"comment_status":"open","ping_status":"closed","template":"","meta":{"_acf_changed":false,"_kad_blocks_custom_css":"","_kad_blocks_head_custom_js":"","_kad_blocks_body_custom_js":"","_kad_blocks_footer_custom_js":"","_kad_post_transparent":"default","_kad_post_title":"","_kad_post_layout":"default","_kad_post_sidebar_id":"","_kad_post_content_style":"default","_kad_post_vertical_padding":"default","_kad_post_feature":"","_kad_post_feature_position":"","_kad_post_header":false,"_kad_post_footer":false},"product_brand":[],"product_cat":[933,949],"product_tag":[],"class_list":{"0":"post-3250","1":"product","2":"type-product","3":"status-publish","4":"has-post-thumbnail","6":"product_cat-fagylaltok","7":"product_cat-poharas-fagylaltok","9":"first","10":"instock","11":"taxable","12":"shipping-taxable","13":"product-type-simple","14":"entry","15":"content-bg","16":"loop-entry"},"acf":[],"taxonomy_info":{"product_cat":[{"value":933,"label":"Fagylaltok"},{"value":949,"label":"Poharas fagylaltok"}]},"featured_image_src_large":["https:\/\/timkobrut.ro\/wp-content\/uploads\/2024\/10\/Inghetata-de-ciocolata.jpg",400,225,false],"author_info":[],"comment_info":0,"_links":{"self":[{"href":"https:\/\/timkobrut.ro\/hu\/wp-json\/wp\/v2\/product\/3250","targetHints":{"allow":["GET"]}}],"collection":[{"href":"https:\/\/timkobrut.ro\/hu\/wp-json\/wp\/v2\/product"}],"about":[{"href":"https:\/\/timkobrut.ro\/hu\/wp-json\/wp\/v2\/types\/product"}],"replies":[{"embeddable":true,"href":"https:\/\/timkobrut.ro\/hu\/wp-json\/wp\/v2\/comments?post=3250"}],"wp:featuredmedia":[{"embeddable":true,"href":"https:\/\/timkobrut.ro\/hu\/wp-json\/wp\/v2\/media\/4370"}],"wp:attachment":[{"href":"https:\/\/timkobrut.ro\/hu\/wp-json\/wp\/v2\/media?parent=3250"}],"wp:term":[{"taxonomy":"product_brand","embeddable":true,"href":"https:\/\/timkobrut.ro\/hu\/wp-json\/wp\/v2\/product_brand?post=3250"},{"taxonomy":"product_cat","embeddable":true,"href":"https:\/\/timkobrut.ro\/hu\/wp-json\/wp\/v2\/product_cat?post=3250"},{"taxonomy":"product_tag","embeddable":true,"href":"https:\/\/timkobrut.ro\/hu\/wp-json\/wp\/v2\/product_tag?post=3250"}],"curies":[{"name":"wp","href":"https:\/\/api.w.org\/{rel}","templated":true}]}}