{"id":3247,"date":"2024-10-10T13:03:24","date_gmt":"2024-10-10T10:03:24","guid":{"rendered":"https:\/\/timko.wpfitness.dev\/produs\/pisztacia-fagylalt\/"},"modified":"2025-05-02T11:36:26","modified_gmt":"2025-05-02T08:36:26","slug":"pisztacia-fagylalt","status":"publish","type":"product","link":"https:\/\/timkobrut.ro\/hu\/termek\/pisztacia-fagylalt\/","title":{"rendered":"Piszt\u00e1cia fagylalt"},"content":{"rendered":"<p>A piszt\u00e1cia fagylalt term\u00e9szetes \u00f6sszetev\u0151kb\u0151l k\u00e9sz\u00fcl. Az \u00edzletes gomb\u00f3cokban a piszt\u00e1cia gazdag, kr\u00e9mes \u00edz\u00e9t \u00e9lvezhetj\u00fck, amit a mandula aroma tov\u00e1bb fokoznak. Friss\u00edt\u0151 desszert v\u00e1laszt\u00e1s, amely t\u00f6k\u00e9letes a piszt\u00e1cia kedvel\u0151inek.<\/p>\n","protected":false},"excerpt":{"rendered":"<p>A piszt\u00e1cia fagylalt term\u00e9szetes \u00f6sszetev\u0151kb\u0151l k\u00e9sz\u00fcl. Az \u00edzletes gomb\u00f3cokban a piszt\u00e1cia gazdag, kr\u00e9mes \u00edz\u00e9t \u00e9lvezhetj\u00fck, amit a mandula aroma tov\u00e1bb fokoznak. Friss\u00edt\u0151 desszert v\u00e1laszt\u00e1s, amely t\u00f6k\u00e9letes a piszt\u00e1cia kedvel\u0151inek.<\/p>\n","protected":false},"featured_media":4340,"comment_status":"open","ping_status":"closed","template":"","meta":{"_acf_changed":false,"_kad_blocks_custom_css":"","_kad_blocks_head_custom_js":"","_kad_blocks_body_custom_js":"","_kad_blocks_footer_custom_js":"","_kad_post_transparent":"default","_kad_post_title":"","_kad_post_layout":"default","_kad_post_sidebar_id":"","_kad_post_content_style":"default","_kad_post_vertical_padding":"default","_kad_post_feature":"","_kad_post_feature_position":"","_kad_post_header":false,"_kad_post_footer":false},"product_brand":[],"product_cat":[933,948],"product_tag":[],"class_list":{"0":"post-3247","1":"product","2":"type-product","3":"status-publish","4":"has-post-thumbnail","6":"product_cat-fagylaltok","7":"product_cat-gombocos-fagylaltok","9":"first","10":"instock","11":"taxable","12":"shipping-taxable","13":"product-type-simple","14":"entry","15":"content-bg","16":"loop-entry"},"acf":[],"taxonomy_info":{"product_cat":[{"value":933,"label":"Fagylaltok"},{"value":948,"label":"Gomb\u00f3cos fagylaltok"}]},"featured_image_src_large":["https:\/\/timkobrut.ro\/wp-content\/uploads\/2024\/10\/inghetata-fistic.jpg",400,225,false],"author_info":[],"comment_info":0,"_links":{"self":[{"href":"https:\/\/timkobrut.ro\/hu\/wp-json\/wp\/v2\/product\/3247","targetHints":{"allow":["GET"]}}],"collection":[{"href":"https:\/\/timkobrut.ro\/hu\/wp-json\/wp\/v2\/product"}],"about":[{"href":"https:\/\/timkobrut.ro\/hu\/wp-json\/wp\/v2\/types\/product"}],"replies":[{"embeddable":true,"href":"https:\/\/timkobrut.ro\/hu\/wp-json\/wp\/v2\/comments?post=3247"}],"wp:featuredmedia":[{"embeddable":true,"href":"https:\/\/timkobrut.ro\/hu\/wp-json\/wp\/v2\/media\/4340"}],"wp:attachment":[{"href":"https:\/\/timkobrut.ro\/hu\/wp-json\/wp\/v2\/media?parent=3247"}],"wp:term":[{"taxonomy":"product_brand","embeddable":true,"href":"https:\/\/timkobrut.ro\/hu\/wp-json\/wp\/v2\/product_brand?post=3247"},{"taxonomy":"product_cat","embeddable":true,"href":"https:\/\/timkobrut.ro\/hu\/wp-json\/wp\/v2\/product_cat?post=3247"},{"taxonomy":"product_tag","embeddable":true,"href":"https:\/\/timkobrut.ro\/hu\/wp-json\/wp\/v2\/product_tag?post=3247"}],"curies":[{"name":"wp","href":"https:\/\/api.w.org\/{rel}","templated":true}]}}