{"id":3246,"date":"2024-10-10T13:03:24","date_gmt":"2024-10-10T10:03:24","guid":{"rendered":"https:\/\/timko.wpfitness.dev\/produs\/dios-eszterhazy-fagylalt\/"},"modified":"2025-05-02T11:19:36","modified_gmt":"2025-05-02T08:19:36","slug":"dios-eszterhazy-fagylalt","status":"publish","type":"product","link":"https:\/\/timkobrut.ro\/hu\/termek\/dios-eszterhazy-fagylalt\/","title":{"rendered":"Di\u00f3s Eszterh\u00e1zy fagylalt"},"content":{"rendered":"<p>A di\u00f3s Eszterh\u00e1zy fagylalt hagyom\u00e1nyos m\u00f3dszerrel k\u00e9sz\u00fclt, term\u00e9szetes \u00f6sszetev\u0151kb\u0151l, gazdag di\u00f3 darabk\u00e1kkal. A gomb\u00f3cos fagylalt a klasszikus Eszterh\u00e1zy s\u00fctem\u00e9ny \u00edzvil\u00e1g\u00e1t id\u00e9zi, amelyet finom di\u00f3r\u00e9szek tesznek m\u00e9g gazdagabb\u00e1. Ide\u00e1lis v\u00e1laszt\u00e1s azoknak, akik \u00e9rt\u00e9kelik a di\u00f3s desszerteket \u00e9s a tradicion\u00e1lis \u00edzeket.<\/p>\n","protected":false},"excerpt":{"rendered":"<p>A di\u00f3s Eszterh\u00e1zy fagylalt hagyom\u00e1nyos m\u00f3dszerrel k\u00e9sz\u00fclt, term\u00e9szetes \u00f6sszetev\u0151kb\u0151l, gazdag di\u00f3 darabk\u00e1kkal. A gomb\u00f3cos fagylalt a klasszikus Eszterh\u00e1zy s\u00fctem\u00e9ny \u00edzvil\u00e1g\u00e1t id\u00e9zi, amelyet finom di\u00f3r\u00e9szek tesznek m\u00e9g gazdagabb\u00e1. Ide\u00e1lis v\u00e1laszt\u00e1s azoknak, akik \u00e9rt\u00e9kelik a di\u00f3s desszerteket \u00e9s a tradicion\u00e1lis \u00edzeket.<\/p>\n","protected":false},"featured_media":4343,"comment_status":"open","ping_status":"closed","template":"","meta":{"_acf_changed":false,"_kad_blocks_custom_css":"","_kad_blocks_head_custom_js":"","_kad_blocks_body_custom_js":"","_kad_blocks_footer_custom_js":"","_kad_post_transparent":"default","_kad_post_title":"","_kad_post_layout":"default","_kad_post_sidebar_id":"","_kad_post_content_style":"default","_kad_post_vertical_padding":"default","_kad_post_feature":"","_kad_post_feature_position":"","_kad_post_header":false,"_kad_post_footer":false},"product_brand":[],"product_cat":[933,948],"product_tag":[],"class_list":{"0":"post-3246","1":"product","2":"type-product","3":"status-publish","4":"has-post-thumbnail","6":"product_cat-fagylaltok","7":"product_cat-gombocos-fagylaltok","9":"first","10":"instock","11":"taxable","12":"shipping-taxable","13":"product-type-simple","14":"entry","15":"content-bg","16":"loop-entry"},"acf":[],"taxonomy_info":{"product_cat":[{"value":933,"label":"Fagylaltok"},{"value":948,"label":"Gomb\u00f3cos fagylaltok"}]},"featured_image_src_large":["https:\/\/timkobrut.ro\/wp-content\/uploads\/2024\/10\/Inghetata-nuca.jpg",400,225,false],"author_info":[],"comment_info":0,"_links":{"self":[{"href":"https:\/\/timkobrut.ro\/hu\/wp-json\/wp\/v2\/product\/3246","targetHints":{"allow":["GET"]}}],"collection":[{"href":"https:\/\/timkobrut.ro\/hu\/wp-json\/wp\/v2\/product"}],"about":[{"href":"https:\/\/timkobrut.ro\/hu\/wp-json\/wp\/v2\/types\/product"}],"replies":[{"embeddable":true,"href":"https:\/\/timkobrut.ro\/hu\/wp-json\/wp\/v2\/comments?post=3246"}],"wp:featuredmedia":[{"embeddable":true,"href":"https:\/\/timkobrut.ro\/hu\/wp-json\/wp\/v2\/media\/4343"}],"wp:attachment":[{"href":"https:\/\/timkobrut.ro\/hu\/wp-json\/wp\/v2\/media?parent=3246"}],"wp:term":[{"taxonomy":"product_brand","embeddable":true,"href":"https:\/\/timkobrut.ro\/hu\/wp-json\/wp\/v2\/product_brand?post=3246"},{"taxonomy":"product_cat","embeddable":true,"href":"https:\/\/timkobrut.ro\/hu\/wp-json\/wp\/v2\/product_cat?post=3246"},{"taxonomy":"product_tag","embeddable":true,"href":"https:\/\/timkobrut.ro\/hu\/wp-json\/wp\/v2\/product_tag?post=3246"}],"curies":[{"name":"wp","href":"https:\/\/api.w.org\/{rel}","templated":true}]}}