{"id":3242,"date":"2024-10-10T13:03:23","date_gmt":"2024-10-10T10:03:23","guid":{"rendered":"https:\/\/timko.wpfitness.dev\/produs\/joghurtos-meggy-fagylalt\/"},"modified":"2025-05-02T11:23:06","modified_gmt":"2025-05-02T08:23:06","slug":"joghurtos-meggy-fagylalt","status":"publish","type":"product","link":"https:\/\/timkobrut.ro\/hu\/termek\/joghurtos-meggy-fagylalt\/","title":{"rendered":"Joghurtos meggy fagylalt"},"content":{"rendered":"<p>Ez a joghurtos meggy fagylalt a friss meggyel \u00e9s kr\u00e9mes joghurttal, term\u00e9szetes alapanyagok felhaszn\u00e1l\u00e1s\u00e1val. Klasszikus recept alapj\u00e1n k\u00e9sz\u00fclt, kellemesen h\u0171s\u00edt\u0151 desszert a meleg napokra.<\/p>\n","protected":false},"excerpt":{"rendered":"<p>Ez a joghurtos meggy fagylalt a friss meggyel \u00e9s kr\u00e9mes joghurttal, term\u00e9szetes alapanyagok felhaszn\u00e1l\u00e1s\u00e1val. Klasszikus recept alapj\u00e1n k\u00e9sz\u00fclt, kellemesen h\u0171s\u00edt\u0151 desszert a meleg napokra.<\/p>\n","protected":false},"featured_media":4352,"comment_status":"open","ping_status":"closed","template":"","meta":{"_acf_changed":false,"_kad_blocks_custom_css":"","_kad_blocks_head_custom_js":"","_kad_blocks_body_custom_js":"","_kad_blocks_footer_custom_js":"","_kad_post_transparent":"default","_kad_post_title":"","_kad_post_layout":"default","_kad_post_sidebar_id":"","_kad_post_content_style":"default","_kad_post_vertical_padding":"default","_kad_post_feature":"","_kad_post_feature_position":"","_kad_post_header":false,"_kad_post_footer":false},"product_brand":[],"product_cat":[933,948],"product_tag":[],"class_list":{"0":"post-3242","1":"product","2":"type-product","3":"status-publish","4":"has-post-thumbnail","6":"product_cat-fagylaltok","7":"product_cat-gombocos-fagylaltok","9":"first","10":"instock","11":"taxable","12":"shipping-taxable","13":"product-type-simple","14":"entry","15":"content-bg","16":"loop-entry"},"acf":[],"taxonomy_info":{"product_cat":[{"value":933,"label":"Fagylaltok"},{"value":948,"label":"Gomb\u00f3cos fagylaltok"}]},"featured_image_src_large":["https:\/\/timkobrut.ro\/wp-content\/uploads\/2024\/10\/inghetata-iaurt-si-visine.jpg",400,225,false],"author_info":[],"comment_info":0,"_links":{"self":[{"href":"https:\/\/timkobrut.ro\/hu\/wp-json\/wp\/v2\/product\/3242","targetHints":{"allow":["GET"]}}],"collection":[{"href":"https:\/\/timkobrut.ro\/hu\/wp-json\/wp\/v2\/product"}],"about":[{"href":"https:\/\/timkobrut.ro\/hu\/wp-json\/wp\/v2\/types\/product"}],"replies":[{"embeddable":true,"href":"https:\/\/timkobrut.ro\/hu\/wp-json\/wp\/v2\/comments?post=3242"}],"wp:featuredmedia":[{"embeddable":true,"href":"https:\/\/timkobrut.ro\/hu\/wp-json\/wp\/v2\/media\/4352"}],"wp:attachment":[{"href":"https:\/\/timkobrut.ro\/hu\/wp-json\/wp\/v2\/media?parent=3242"}],"wp:term":[{"taxonomy":"product_brand","embeddable":true,"href":"https:\/\/timkobrut.ro\/hu\/wp-json\/wp\/v2\/product_brand?post=3242"},{"taxonomy":"product_cat","embeddable":true,"href":"https:\/\/timkobrut.ro\/hu\/wp-json\/wp\/v2\/product_cat?post=3242"},{"taxonomy":"product_tag","embeddable":true,"href":"https:\/\/timkobrut.ro\/hu\/wp-json\/wp\/v2\/product_tag?post=3242"}],"curies":[{"name":"wp","href":"https:\/\/api.w.org\/{rel}","templated":true}]}}