{"id":3238,"date":"2024-10-10T13:03:23","date_gmt":"2024-10-10T10:03:23","guid":{"rendered":"https:\/\/timko.wpfitness.dev\/produs\/sargadinnye-fagylalt\/"},"modified":"2025-05-02T11:07:59","modified_gmt":"2025-05-02T08:07:59","slug":"sargadinnye-fagylalt","status":"publish","type":"product","link":"https:\/\/timkobrut.ro\/hu\/termek\/sargadinnye-fagylalt\/","title":{"rendered":"S\u00e1rgadinnye fagylalt"},"content":{"rendered":"<p>Ez a gomb\u00f3cos k\u00e9zm\u0171ves s\u00e1rgadinnye fagylalt hagyom\u00e1nyos recept alapj\u00e1n k\u00e9sz\u00fclt, term\u00e9szetes alapanyagok felhaszn\u00e1l\u00e1s\u00e1val. Friss\u00edt\u0151 \u00edze \u00e9s kr\u00e9mes \u00e1llaga a s\u00e1rgadinnye \u00edz\u00e9t autentikusan t\u00fckr\u00f6zi. Ide\u00e1lis v\u00e1laszt\u00e1s, ha egy k\u00f6nnyed \u00e9s gy\u00fcm\u00f6lcs\u00f6s desszertre v\u00e1gyik.<\/p>\n","protected":false},"excerpt":{"rendered":"<p>Ez a gomb\u00f3cos k\u00e9zm\u0171ves s\u00e1rgadinnye fagylalt hagyom\u00e1nyos recept alapj\u00e1n k\u00e9sz\u00fclt, term\u00e9szetes alapanyagok felhaszn\u00e1l\u00e1s\u00e1val. Friss\u00edt\u0151 \u00edze \u00e9s kr\u00e9mes \u00e1llaga a s\u00e1rgadinnye \u00edz\u00e9t autentikusan t\u00fckr\u00f6zi. Ide\u00e1lis v\u00e1laszt\u00e1s, ha egy k\u00f6nnyed \u00e9s gy\u00fcm\u00f6lcs\u00f6s desszertre v\u00e1gyik.<\/p>\n","protected":false},"featured_media":4355,"comment_status":"open","ping_status":"closed","template":"","meta":{"_acf_changed":false,"_kad_blocks_custom_css":"","_kad_blocks_head_custom_js":"","_kad_blocks_body_custom_js":"","_kad_blocks_footer_custom_js":"","_kad_post_transparent":"default","_kad_post_title":"","_kad_post_layout":"default","_kad_post_sidebar_id":"","_kad_post_content_style":"default","_kad_post_vertical_padding":"default","_kad_post_feature":"","_kad_post_feature_position":"","_kad_post_header":false,"_kad_post_footer":false},"product_brand":[],"product_cat":[933,948],"product_tag":[],"class_list":{"0":"post-3238","1":"product","2":"type-product","3":"status-publish","4":"has-post-thumbnail","6":"product_cat-fagylaltok","7":"product_cat-gombocos-fagylaltok","9":"first","10":"instock","11":"taxable","12":"shipping-taxable","13":"product-type-simple","14":"entry","15":"content-bg","16":"loop-entry"},"acf":[],"taxonomy_info":{"product_cat":[{"value":933,"label":"Fagylaltok"},{"value":948,"label":"Gomb\u00f3cos fagylaltok"}]},"featured_image_src_large":["https:\/\/timkobrut.ro\/wp-content\/uploads\/2024\/10\/inghetata-pepene.jpg",400,225,false],"author_info":[],"comment_info":0,"_links":{"self":[{"href":"https:\/\/timkobrut.ro\/hu\/wp-json\/wp\/v2\/product\/3238","targetHints":{"allow":["GET"]}}],"collection":[{"href":"https:\/\/timkobrut.ro\/hu\/wp-json\/wp\/v2\/product"}],"about":[{"href":"https:\/\/timkobrut.ro\/hu\/wp-json\/wp\/v2\/types\/product"}],"replies":[{"embeddable":true,"href":"https:\/\/timkobrut.ro\/hu\/wp-json\/wp\/v2\/comments?post=3238"}],"wp:featuredmedia":[{"embeddable":true,"href":"https:\/\/timkobrut.ro\/hu\/wp-json\/wp\/v2\/media\/4355"}],"wp:attachment":[{"href":"https:\/\/timkobrut.ro\/hu\/wp-json\/wp\/v2\/media?parent=3238"}],"wp:term":[{"taxonomy":"product_brand","embeddable":true,"href":"https:\/\/timkobrut.ro\/hu\/wp-json\/wp\/v2\/product_brand?post=3238"},{"taxonomy":"product_cat","embeddable":true,"href":"https:\/\/timkobrut.ro\/hu\/wp-json\/wp\/v2\/product_cat?post=3238"},{"taxonomy":"product_tag","embeddable":true,"href":"https:\/\/timkobrut.ro\/hu\/wp-json\/wp\/v2\/product_tag?post=3238"}],"curies":[{"name":"wp","href":"https:\/\/api.w.org\/{rel}","templated":true}]}}