{"id":3225,"date":"2024-10-10T13:03:21","date_gmt":"2024-10-10T10:03:21","guid":{"rendered":"https:\/\/timko.wpfitness.dev\/produs\/pizzalap-400-g\/"},"modified":"2025-04-28T14:47:39","modified_gmt":"2025-04-28T11:47:39","slug":"pizzalap-400-g","status":"publish","type":"product","link":"https:\/\/timkobrut.ro\/hu\/termek\/pizzalap-400-g\/","title":{"rendered":"Pizzalap 400 g"},"content":{"rendered":"<p>A 400 g-os pizzalap friss, kiv\u00e1l\u00f3 min\u0151s\u00e9g\u0171 t\u00e9szt\u00e1b\u00f3l k\u00e9sz\u00fclt, amely ide\u00e1lis alapot biztos\u00edt mindenf\u00e9le felt\u00e9tnek, gyors \u00e9s egyszer\u0171 megold\u00e1st ny\u00fajtva a h\u00e1zi pizz\u00e1hoz. Ropog\u00f3s \u00e9s \u00edzletes v\u00e9geredm\u00e9nyt garant\u00e1l.<\/p>\n","protected":false},"excerpt":{"rendered":"<p>A 400 g-os pizzalap friss, kiv\u00e1l\u00f3 min\u0151s\u00e9g\u0171 t\u00e9szt\u00e1b\u00f3l k\u00e9sz\u00fclt, amely ide\u00e1lis alapot biztos\u00edt mindenf\u00e9le felt\u00e9tnek, gyors \u00e9s egyszer\u0171 megold\u00e1st ny\u00fajtva a h\u00e1zi pizz\u00e1hoz. Ropog\u00f3s \u00e9s \u00edzletes v\u00e9geredm\u00e9nyt garant\u00e1l.<\/p>\n","protected":false},"featured_media":4271,"comment_status":"open","ping_status":"closed","template":"","meta":{"_acf_changed":false,"_kad_blocks_custom_css":"","_kad_blocks_head_custom_js":"","_kad_blocks_body_custom_js":"","_kad_blocks_footer_custom_js":"","_kad_post_transparent":"default","_kad_post_title":"","_kad_post_layout":"default","_kad_post_sidebar_id":"","_kad_post_content_style":"default","_kad_post_vertical_padding":"default","_kad_post_feature":"","_kad_post_feature_position":"","_kad_post_header":false,"_kad_post_footer":false},"product_brand":[],"product_cat":[927],"product_tag":[],"class_list":{"0":"post-3225","1":"product","2":"type-product","3":"status-publish","4":"has-post-thumbnail","6":"product_cat-kiflik","8":"first","9":"instock","10":"taxable","11":"shipping-taxable","12":"product-type-simple","13":"entry","14":"content-bg","15":"loop-entry"},"acf":[],"taxonomy_info":{"product_cat":[{"value":927,"label":"Kiflik"}]},"featured_image_src_large":["https:\/\/timkobrut.ro\/wp-content\/uploads\/2024\/10\/DSC02179.jpg",400,225,false],"author_info":[],"comment_info":0,"_links":{"self":[{"href":"https:\/\/timkobrut.ro\/hu\/wp-json\/wp\/v2\/product\/3225","targetHints":{"allow":["GET"]}}],"collection":[{"href":"https:\/\/timkobrut.ro\/hu\/wp-json\/wp\/v2\/product"}],"about":[{"href":"https:\/\/timkobrut.ro\/hu\/wp-json\/wp\/v2\/types\/product"}],"replies":[{"embeddable":true,"href":"https:\/\/timkobrut.ro\/hu\/wp-json\/wp\/v2\/comments?post=3225"}],"wp:featuredmedia":[{"embeddable":true,"href":"https:\/\/timkobrut.ro\/hu\/wp-json\/wp\/v2\/media\/4271"}],"wp:attachment":[{"href":"https:\/\/timkobrut.ro\/hu\/wp-json\/wp\/v2\/media?parent=3225"}],"wp:term":[{"taxonomy":"product_brand","embeddable":true,"href":"https:\/\/timkobrut.ro\/hu\/wp-json\/wp\/v2\/product_brand?post=3225"},{"taxonomy":"product_cat","embeddable":true,"href":"https:\/\/timkobrut.ro\/hu\/wp-json\/wp\/v2\/product_cat?post=3225"},{"taxonomy":"product_tag","embeddable":true,"href":"https:\/\/timkobrut.ro\/hu\/wp-json\/wp\/v2\/product_tag?post=3225"}],"curies":[{"name":"wp","href":"https:\/\/api.w.org\/{rel}","templated":true}]}}