{"id":3224,"date":"2024-10-10T13:03:21","date_gmt":"2024-10-10T10:03:21","guid":{"rendered":"https:\/\/timko.wpfitness.dev\/produs\/epres-omlos-150-g\/"},"modified":"2025-04-28T13:39:14","modified_gmt":"2025-04-28T10:39:14","slug":"epres-omlos-150-g","status":"publish","type":"product","link":"https:\/\/timkobrut.ro\/hu\/termek\/epres-omlos-150-g\/","title":{"rendered":"Epres oml\u00f3s 150 g"},"content":{"rendered":"<p>A k\u00e9zm\u0171ves epres oml\u00f3s s\u00fctem\u00e9ny term\u00e9szetes alapanyagokb\u00f3l k\u00e9sz\u00fclt, eperdzsem t\u00f6ltel\u00e9kkel. Puha, oml\u00f3s t\u00e9szt\u00e1ja \u00e9s gazdag t\u00f6ltel\u00e9ke a h\u00e1zias recept alapj\u00e1n k\u00e9sz\u00edtve val\u00f3di finoms\u00e1got ny\u00fajt.<\/p>\n","protected":false},"excerpt":{"rendered":"<p>A k\u00e9zm\u0171ves epres oml\u00f3s s\u00fctem\u00e9ny term\u00e9szetes alapanyagokb\u00f3l k\u00e9sz\u00fclt, eperdzsem t\u00f6ltel\u00e9kkel. Puha, oml\u00f3s t\u00e9szt\u00e1ja \u00e9s gazdag t\u00f6ltel\u00e9ke a h\u00e1zias recept alapj\u00e1n k\u00e9sz\u00edtve val\u00f3di finoms\u00e1got ny\u00fajt.<\/p>\n","protected":false},"featured_media":4274,"comment_status":"open","ping_status":"closed","template":"","meta":{"_acf_changed":false,"_kad_blocks_custom_css":"","_kad_blocks_head_custom_js":"","_kad_blocks_body_custom_js":"","_kad_blocks_footer_custom_js":"","_kad_post_transparent":"default","_kad_post_title":"","_kad_post_layout":"default","_kad_post_sidebar_id":"","_kad_post_content_style":"default","_kad_post_vertical_padding":"default","_kad_post_feature":"","_kad_post_feature_position":"","_kad_post_header":false,"_kad_post_footer":false},"product_brand":[],"product_cat":[943],"product_tag":[],"class_list":{"0":"post-3224","1":"product","2":"type-product","3":"status-publish","4":"has-post-thumbnail","6":"product_cat-edes-peksutemenyek","8":"first","9":"instock","10":"taxable","11":"shipping-taxable","12":"product-type-simple","13":"entry","14":"content-bg","15":"loop-entry"},"acf":[],"taxonomy_info":{"product_cat":[{"value":943,"label":"\u00c9des p\u00e9ks\u00fctem\u00e9nyek"}]},"featured_image_src_large":["https:\/\/timkobrut.ro\/wp-content\/uploads\/2024\/10\/DSC02200.jpg",400,225,false],"author_info":[],"comment_info":0,"_links":{"self":[{"href":"https:\/\/timkobrut.ro\/hu\/wp-json\/wp\/v2\/product\/3224","targetHints":{"allow":["GET"]}}],"collection":[{"href":"https:\/\/timkobrut.ro\/hu\/wp-json\/wp\/v2\/product"}],"about":[{"href":"https:\/\/timkobrut.ro\/hu\/wp-json\/wp\/v2\/types\/product"}],"replies":[{"embeddable":true,"href":"https:\/\/timkobrut.ro\/hu\/wp-json\/wp\/v2\/comments?post=3224"}],"wp:featuredmedia":[{"embeddable":true,"href":"https:\/\/timkobrut.ro\/hu\/wp-json\/wp\/v2\/media\/4274"}],"wp:attachment":[{"href":"https:\/\/timkobrut.ro\/hu\/wp-json\/wp\/v2\/media?parent=3224"}],"wp:term":[{"taxonomy":"product_brand","embeddable":true,"href":"https:\/\/timkobrut.ro\/hu\/wp-json\/wp\/v2\/product_brand?post=3224"},{"taxonomy":"product_cat","embeddable":true,"href":"https:\/\/timkobrut.ro\/hu\/wp-json\/wp\/v2\/product_cat?post=3224"},{"taxonomy":"product_tag","embeddable":true,"href":"https:\/\/timkobrut.ro\/hu\/wp-json\/wp\/v2\/product_tag?post=3224"}],"curies":[{"name":"wp","href":"https:\/\/api.w.org\/{rel}","templated":true}]}}