{"id":3223,"date":"2024-10-10T13:03:21","date_gmt":"2024-10-10T10:03:21","guid":{"rendered":"https:\/\/timko.wpfitness.dev\/produs\/almas-sutemeny-150-g\/"},"modified":"2025-04-28T13:28:23","modified_gmt":"2025-04-28T10:28:23","slug":"almas-sutemeny-150-g","status":"publish","type":"product","link":"https:\/\/timkobrut.ro\/hu\/termek\/almas-sutemeny-150-g\/","title":{"rendered":"Alm\u00e1s s\u00fctem\u00e9ny 150 g"},"content":{"rendered":"<p>Ez a hagyom\u00e1nyos alm\u00e1s s\u00fctem\u00e9ny friss alma t\u00f6ltel\u00e9k\u00e9vel az \u00f6r\u00f6k kedvencek k\u00f6z\u00e9 tartozik. Finom, h\u00e1zias \u00edz\u00e9vel ez a s\u00fctem\u00e9ny az otthon meleg\u00e9t \u00e9s a gyerekkor hangulat\u00e1t id\u00e9zi. Term\u00e9szetes \u00f6sszetev\u0151kb\u0151l k\u00e9sz\u00fclt, hogy minden falat igazi \u00e9lvezetet ny\u00fajtson.<\/p>\n","protected":false},"excerpt":{"rendered":"<p>Ez a hagyom\u00e1nyos alm\u00e1s s\u00fctem\u00e9ny friss alma t\u00f6ltel\u00e9k\u00e9vel az \u00f6r\u00f6k kedvencek k\u00f6z\u00e9 tartozik. Finom, h\u00e1zias \u00edz\u00e9vel ez a s\u00fctem\u00e9ny az otthon meleg\u00e9t \u00e9s a gyerekkor hangulat\u00e1t id\u00e9zi. Term\u00e9szetes \u00f6sszetev\u0151kb\u0151l k\u00e9sz\u00fclt, hogy minden falat igazi \u00e9lvezetet ny\u00fajtson.<\/p>\n","protected":false},"featured_media":4243,"comment_status":"open","ping_status":"closed","template":"","meta":{"_acf_changed":false,"_kad_blocks_custom_css":"","_kad_blocks_head_custom_js":"","_kad_blocks_body_custom_js":"","_kad_blocks_footer_custom_js":"","_kad_post_transparent":"default","_kad_post_title":"","_kad_post_layout":"default","_kad_post_sidebar_id":"","_kad_post_content_style":"default","_kad_post_vertical_padding":"default","_kad_post_feature":"","_kad_post_feature_position":"","_kad_post_header":false,"_kad_post_footer":false},"product_brand":[],"product_cat":[943],"product_tag":[],"class_list":{"0":"post-3223","1":"product","2":"type-product","3":"status-publish","4":"has-post-thumbnail","6":"product_cat-edes-peksutemenyek","8":"first","9":"instock","10":"taxable","11":"shipping-taxable","12":"product-type-simple","13":"entry","14":"content-bg","15":"loop-entry"},"acf":[],"taxonomy_info":{"product_cat":[{"value":943,"label":"\u00c9des p\u00e9ks\u00fctem\u00e9nyek"}]},"featured_image_src_large":["https:\/\/timkobrut.ro\/wp-content\/uploads\/2024\/10\/Almas-teszta.jpg",400,225,false],"author_info":[],"comment_info":0,"_links":{"self":[{"href":"https:\/\/timkobrut.ro\/hu\/wp-json\/wp\/v2\/product\/3223","targetHints":{"allow":["GET"]}}],"collection":[{"href":"https:\/\/timkobrut.ro\/hu\/wp-json\/wp\/v2\/product"}],"about":[{"href":"https:\/\/timkobrut.ro\/hu\/wp-json\/wp\/v2\/types\/product"}],"replies":[{"embeddable":true,"href":"https:\/\/timkobrut.ro\/hu\/wp-json\/wp\/v2\/comments?post=3223"}],"wp:featuredmedia":[{"embeddable":true,"href":"https:\/\/timkobrut.ro\/hu\/wp-json\/wp\/v2\/media\/4243"}],"wp:attachment":[{"href":"https:\/\/timkobrut.ro\/hu\/wp-json\/wp\/v2\/media?parent=3223"}],"wp:term":[{"taxonomy":"product_brand","embeddable":true,"href":"https:\/\/timkobrut.ro\/hu\/wp-json\/wp\/v2\/product_brand?post=3223"},{"taxonomy":"product_cat","embeddable":true,"href":"https:\/\/timkobrut.ro\/hu\/wp-json\/wp\/v2\/product_cat?post=3223"},{"taxonomy":"product_tag","embeddable":true,"href":"https:\/\/timkobrut.ro\/hu\/wp-json\/wp\/v2\/product_tag?post=3223"}],"curies":[{"name":"wp","href":"https:\/\/api.w.org\/{rel}","templated":true}]}}