{"id":3221,"date":"2024-10-10T13:03:21","date_gmt":"2024-10-10T10:03:21","guid":{"rendered":"https:\/\/timko.wpfitness.dev\/produs\/hajas-teszta\/"},"modified":"2025-04-28T14:38:27","modified_gmt":"2025-04-28T11:38:27","slug":"hajas-teszta","status":"publish","type":"product","link":"https:\/\/timkobrut.ro\/hu\/termek\/hajas-teszta\/","title":{"rendered":"H\u00e1jas t\u00e9szta"},"content":{"rendered":"<p>Klasszikus recept alapj\u00e1n term\u00e9szetes \u00fcsszetev\u0151kb\u0151l k\u00e9sz\u00fclt k\u00e9zm\u0171ves h\u00e1jas t\u00e9szta \u00edzletes szilvalekv\u00e1rral t\u00f6ltve. Oml\u00f3s t\u00e9szt\u00e1ja \u00e9s gazdag t\u00f6ltel\u00e9ke a hagyom\u00e1nyos h\u00e1zias s\u00fctem\u00e9nyek kedvel\u0151inek ny\u00fajt k\u00fcl\u00f6nleges \u00e9lvezetet. T\u00fck\u00e9letes v\u00e1laszt\u00e1s k\u00fcl\u00f6nb\u00f6z\u0151 esem\u00e9nyekre, desszertnekk, vagy vend\u00e1gv\u00e1r\u00f3nak.<\/p>\n","protected":false},"excerpt":{"rendered":"<p>Klasszikus recept alapj\u00e1n term\u00e9szetes \u00fcsszetev\u0151kb\u0151l k\u00e9sz\u00fclt k\u00e9zm\u0171ves h\u00e1jas t\u00e9szta \u00edzletes szilvalekv\u00e1rral t\u00f6ltve. Oml\u00f3s t\u00e9szt\u00e1ja \u00e9s gazdag t\u00f6ltel\u00e9ke a hagyom\u00e1nyos h\u00e1zias s\u00fctem\u00e9nyek kedvel\u0151inek ny\u00fajt k\u00fcl\u00f6nleges \u00e9lvezetet. T\u00fck\u00e9letes v\u00e1laszt\u00e1s k\u00fcl\u00f6nb\u00f6z\u0151 esem\u00e9nyekre, desszertnekk, vagy vend\u00e1gv\u00e1r\u00f3nak.<\/p>\n","protected":false},"featured_media":4203,"comment_status":"open","ping_status":"closed","template":"","meta":{"_acf_changed":false,"_kad_blocks_custom_css":"","_kad_blocks_head_custom_js":"","_kad_blocks_body_custom_js":"","_kad_blocks_footer_custom_js":"","_kad_post_transparent":"default","_kad_post_title":"","_kad_post_layout":"default","_kad_post_sidebar_id":"","_kad_post_content_style":"default","_kad_post_vertical_padding":"default","_kad_post_feature":"","_kad_post_feature_position":"","_kad_post_header":false,"_kad_post_footer":false},"product_brand":[],"product_cat":[930,945],"product_tag":[],"class_list":{"0":"post-3221","1":"product","2":"type-product","3":"status-publish","4":"has-post-thumbnail","6":"product_cat-aprosutemenyek","7":"product_cat-edes-aprosutemenyek","9":"first","10":"instock","11":"taxable","12":"shipping-taxable","13":"product-type-simple","14":"entry","15":"content-bg","16":"loop-entry"},"acf":[],"taxonomy_info":{"product_cat":[{"value":930,"label":"Apr\u00f3s\u00fctem\u00e9nyek"},{"value":945,"label":"\u00c9des apr\u00f3s\u00fctem\u00e9nyek"}]},"featured_image_src_large":["https:\/\/timkobrut.ro\/wp-content\/uploads\/2024\/10\/Hajas-teszta.jpg",400,225,false],"author_info":[],"comment_info":0,"_links":{"self":[{"href":"https:\/\/timkobrut.ro\/hu\/wp-json\/wp\/v2\/product\/3221","targetHints":{"allow":["GET"]}}],"collection":[{"href":"https:\/\/timkobrut.ro\/hu\/wp-json\/wp\/v2\/product"}],"about":[{"href":"https:\/\/timkobrut.ro\/hu\/wp-json\/wp\/v2\/types\/product"}],"replies":[{"embeddable":true,"href":"https:\/\/timkobrut.ro\/hu\/wp-json\/wp\/v2\/comments?post=3221"}],"wp:featuredmedia":[{"embeddable":true,"href":"https:\/\/timkobrut.ro\/hu\/wp-json\/wp\/v2\/media\/4203"}],"wp:attachment":[{"href":"https:\/\/timkobrut.ro\/hu\/wp-json\/wp\/v2\/media?parent=3221"}],"wp:term":[{"taxonomy":"product_brand","embeddable":true,"href":"https:\/\/timkobrut.ro\/hu\/wp-json\/wp\/v2\/product_brand?post=3221"},{"taxonomy":"product_cat","embeddable":true,"href":"https:\/\/timkobrut.ro\/hu\/wp-json\/wp\/v2\/product_cat?post=3221"},{"taxonomy":"product_tag","embeddable":true,"href":"https:\/\/timkobrut.ro\/hu\/wp-json\/wp\/v2\/product_tag?post=3221"}],"curies":[{"name":"wp","href":"https:\/\/api.w.org\/{rel}","templated":true}]}}