{"id":3218,"date":"2024-10-10T13:03:20","date_gmt":"2024-10-10T10:03:20","guid":{"rendered":"https:\/\/timko.wpfitness.dev\/produs\/tepertyus-magos-pogacsa\/"},"modified":"2025-04-28T14:31:18","modified_gmt":"2025-04-28T11:31:18","slug":"tepertyus-magos-pogacsa","status":"publish","type":"product","link":"https:\/\/timkobrut.ro\/hu\/termek\/tepertyus-magos-pogacsa\/","title":{"rendered":"Teperty\u0171s magos pog\u00e1csa"},"content":{"rendered":"<p>A tepert\u0151s, magos pog\u00e1csa \u00edzletes apr\u00f3s\u00fctem\u00e9ny, term\u00e9szetes \u00f6sszetev\u0151kb\u0151l k\u00e9sz\u00fclt, hagyom\u00e1nyos recept alapj\u00e1n. Ropog\u00f3s k\u00fclseje \u00e9s \u00edzletes tepert\u0151kr\u00e9mes t\u00f6ltel\u00e9ke mellett napraforg\u00f3maggal gazdag\u00edtott, ami k\u00fcl\u00f6nleges \u00edzt \u00e9s text\u00far\u00e1t ad. T\u00f6k\u00e9letes v\u00e1laszt\u00e1s k\u00fcl\u00f6nb\u00f6z\u0151 esem\u00e9nyekre, vagy vend\u00e9gv\u00e1r\u00e1sra.<\/p>\n","protected":false},"excerpt":{"rendered":"<p>A tepert\u0151s, magos pog\u00e1csa \u00edzletes apr\u00f3s\u00fctem\u00e9ny, term\u00e9szetes \u00f6sszetev\u0151kb\u0151l k\u00e9sz\u00fclt, hagyom\u00e1nyos recept alapj\u00e1n. Ropog\u00f3s k\u00fclseje \u00e9s \u00edzletes tepert\u0151kr\u00e9mes t\u00f6ltel\u00e9ke mellett napraforg\u00f3maggal gazdag\u00edtott, ami k\u00fcl\u00f6nleges \u00edzt \u00e9s text\u00far\u00e1t ad. T\u00f6k\u00e9letes v\u00e1laszt\u00e1s k\u00fcl\u00f6nb\u00f6z\u0151 esem\u00e9nyekre, vagy vend\u00e9gv\u00e1r\u00e1sra.<\/p>\n","protected":false},"featured_media":4191,"comment_status":"open","ping_status":"closed","template":"","meta":{"_acf_changed":false,"_kad_blocks_custom_css":"","_kad_blocks_head_custom_js":"","_kad_blocks_body_custom_js":"","_kad_blocks_footer_custom_js":"","_kad_post_transparent":"default","_kad_post_title":"","_kad_post_layout":"default","_kad_post_sidebar_id":"","_kad_post_content_style":"default","_kad_post_vertical_padding":"default","_kad_post_feature":"","_kad_post_feature_position":"","_kad_post_header":false,"_kad_post_footer":false},"product_brand":[],"product_cat":[930,946],"product_tag":[],"class_list":{"0":"post-3218","1":"product","2":"type-product","3":"status-publish","4":"has-post-thumbnail","6":"product_cat-aprosutemenyek","7":"product_cat-sos-aprosutemenyek","9":"first","10":"instock","11":"taxable","12":"shipping-taxable","13":"product-type-simple","14":"entry","15":"content-bg","16":"loop-entry"},"acf":[],"taxonomy_info":{"product_cat":[{"value":930,"label":"Apr\u00f3s\u00fctem\u00e9nyek"},{"value":946,"label":"S\u00f3s apr\u00f3s\u00fctem\u00e9nyek"}]},"featured_image_src_large":["https:\/\/timkobrut.ro\/wp-content\/uploads\/2024\/10\/Tepertos-napraforgosmagos-pogacsa.jpg",400,225,false],"author_info":[],"comment_info":0,"_links":{"self":[{"href":"https:\/\/timkobrut.ro\/hu\/wp-json\/wp\/v2\/product\/3218","targetHints":{"allow":["GET"]}}],"collection":[{"href":"https:\/\/timkobrut.ro\/hu\/wp-json\/wp\/v2\/product"}],"about":[{"href":"https:\/\/timkobrut.ro\/hu\/wp-json\/wp\/v2\/types\/product"}],"replies":[{"embeddable":true,"href":"https:\/\/timkobrut.ro\/hu\/wp-json\/wp\/v2\/comments?post=3218"}],"wp:featuredmedia":[{"embeddable":true,"href":"https:\/\/timkobrut.ro\/hu\/wp-json\/wp\/v2\/media\/4191"}],"wp:attachment":[{"href":"https:\/\/timkobrut.ro\/hu\/wp-json\/wp\/v2\/media?parent=3218"}],"wp:term":[{"taxonomy":"product_brand","embeddable":true,"href":"https:\/\/timkobrut.ro\/hu\/wp-json\/wp\/v2\/product_brand?post=3218"},{"taxonomy":"product_cat","embeddable":true,"href":"https:\/\/timkobrut.ro\/hu\/wp-json\/wp\/v2\/product_cat?post=3218"},{"taxonomy":"product_tag","embeddable":true,"href":"https:\/\/timkobrut.ro\/hu\/wp-json\/wp\/v2\/product_tag?post=3218"}],"curies":[{"name":"wp","href":"https:\/\/api.w.org\/{rel}","templated":true}]}}