{"id":3216,"date":"2024-10-10T13:03:20","date_gmt":"2024-10-10T10:03:20","guid":{"rendered":"https:\/\/timko.wpfitness.dev\/produs\/sajtos-perec-400-g\/"},"modified":"2025-04-28T14:30:15","modified_gmt":"2025-04-28T11:30:15","slug":"sajtos-perec-400-g","status":"publish","type":"product","link":"https:\/\/timkobrut.ro\/hu\/termek\/sajtos-perec-400-g\/","title":{"rendered":"Sajtos perec 400 g"},"content":{"rendered":"<p>A sajtos perec \u00edzletes apr\u00f3s\u00fctem\u00e9ny, term\u00e9szetes \u00f6sszetev\u0151kb\u0151l k\u00e9sz\u00fclt, hagyom\u00e1nyos recept alapj\u00e1n. Finom, ropog\u00f3s t\u00e9szt\u00e1j\u00e1ban gazdag sajtos \u00edz domin\u00e1l, t\u00f6k\u00e9letes harapnival\u00f3 a napi \u00e9tkez\u00e9sekhez vagy vend\u00e9gv\u00e1r\u00e1sra. Kiv\u00e1l\u00f3 v\u00e1laszt\u00e1s, ha egy kis s\u00f3s nasira v\u00e1gyik.<\/p>\n","protected":false},"excerpt":{"rendered":"<p>A sajtos perec \u00edzletes apr\u00f3s\u00fctem\u00e9ny, term\u00e9szetes \u00f6sszetev\u0151kb\u0151l k\u00e9sz\u00fclt, hagyom\u00e1nyos recept alapj\u00e1n. Finom, ropog\u00f3s t\u00e9szt\u00e1j\u00e1ban gazdag sajtos \u00edz domin\u00e1l, t\u00f6k\u00e9letes harapnival\u00f3 a napi \u00e9tkez\u00e9sekhez vagy vend\u00e9gv\u00e1r\u00e1sra. Kiv\u00e1l\u00f3 v\u00e1laszt\u00e1s, ha egy kis s\u00f3s nasira v\u00e1gyik.<\/p>\n","protected":false},"featured_media":4188,"comment_status":"open","ping_status":"closed","template":"","meta":{"_acf_changed":false,"_kad_blocks_custom_css":"","_kad_blocks_head_custom_js":"","_kad_blocks_body_custom_js":"","_kad_blocks_footer_custom_js":"","_kad_post_transparent":"default","_kad_post_title":"","_kad_post_layout":"default","_kad_post_sidebar_id":"","_kad_post_content_style":"default","_kad_post_vertical_padding":"default","_kad_post_feature":"","_kad_post_feature_position":"","_kad_post_header":false,"_kad_post_footer":false},"product_brand":[],"product_cat":[930,946],"product_tag":[],"class_list":{"0":"post-3216","1":"product","2":"type-product","3":"status-publish","4":"has-post-thumbnail","6":"product_cat-aprosutemenyek","7":"product_cat-sos-aprosutemenyek","9":"first","10":"instock","11":"taxable","12":"shipping-taxable","13":"product-type-simple","14":"entry","15":"content-bg","16":"loop-entry"},"acf":[],"taxonomy_info":{"product_cat":[{"value":930,"label":"Apr\u00f3s\u00fctem\u00e9nyek"},{"value":946,"label":"S\u00f3s apr\u00f3s\u00fctem\u00e9nyek"}]},"featured_image_src_large":["https:\/\/timkobrut.ro\/wp-content\/uploads\/2024\/10\/Sajtos-perec-1.jpg",400,225,false],"author_info":[],"comment_info":0,"_links":{"self":[{"href":"https:\/\/timkobrut.ro\/hu\/wp-json\/wp\/v2\/product\/3216","targetHints":{"allow":["GET"]}}],"collection":[{"href":"https:\/\/timkobrut.ro\/hu\/wp-json\/wp\/v2\/product"}],"about":[{"href":"https:\/\/timkobrut.ro\/hu\/wp-json\/wp\/v2\/types\/product"}],"replies":[{"embeddable":true,"href":"https:\/\/timkobrut.ro\/hu\/wp-json\/wp\/v2\/comments?post=3216"}],"wp:featuredmedia":[{"embeddable":true,"href":"https:\/\/timkobrut.ro\/hu\/wp-json\/wp\/v2\/media\/4188"}],"wp:attachment":[{"href":"https:\/\/timkobrut.ro\/hu\/wp-json\/wp\/v2\/media?parent=3216"}],"wp:term":[{"taxonomy":"product_brand","embeddable":true,"href":"https:\/\/timkobrut.ro\/hu\/wp-json\/wp\/v2\/product_brand?post=3216"},{"taxonomy":"product_cat","embeddable":true,"href":"https:\/\/timkobrut.ro\/hu\/wp-json\/wp\/v2\/product_cat?post=3216"},{"taxonomy":"product_tag","embeddable":true,"href":"https:\/\/timkobrut.ro\/hu\/wp-json\/wp\/v2\/product_tag?post=3216"}],"curies":[{"name":"wp","href":"https:\/\/api.w.org\/{rel}","templated":true}]}}