{"id":3214,"date":"2024-10-10T13:03:20","date_gmt":"2024-10-10T10:03:20","guid":{"rendered":"https:\/\/timko.wpfitness.dev\/produs\/dios-mini-kalacs-500-g\/"},"modified":"2025-04-28T14:24:10","modified_gmt":"2025-04-28T11:24:10","slug":"dios-mini-kalacs-500-g","status":"publish","type":"product","link":"https:\/\/timkobrut.ro\/hu\/termek\/dios-mini-kalacs-500-g\/","title":{"rendered":"Di\u00f3s mini kal\u00e1cs 500 g"},"content":{"rendered":"<p>A hagyom\u00e1nyos recept alapj\u00e1n, term\u00e9szetes \u00f6sszetev\u0151kb\u0151l k\u00e9sz\u00fclt k\u00e9zm\u0171ves mini di\u00f3s kal\u00e1cs, a r\u00e9gi id\u0151ket id\u00e9zi. Puha belsej\u00e9ben gazdag di\u00f3s t\u00f6ltel\u00e9kkel a hagyom\u00e1nyos \u00edzek \u00e9s a k\u00e9zm\u0171ves k\u00e9sz\u00edt\u00e9s tal\u00e1lkoz\u00e1s\u00e1nak eredm\u00e9nye.<\/p>\n","protected":false},"excerpt":{"rendered":"<p>A hagyom\u00e1nyos recept alapj\u00e1n, term\u00e9szetes \u00f6sszetev\u0151kb\u0151l k\u00e9sz\u00fclt k\u00e9zm\u0171ves mini di\u00f3s kal\u00e1cs, a r\u00e9gi id\u0151ket id\u00e9zi. Puha belsej\u00e9ben gazdag di\u00f3s t\u00f6ltel\u00e9kkel a hagyom\u00e1nyos \u00edzek \u00e9s a k\u00e9zm\u0171ves k\u00e9sz\u00edt\u00e9s tal\u00e1lkoz\u00e1s\u00e1nak eredm\u00e9nye.<\/p>\n","protected":false},"featured_media":2771,"comment_status":"open","ping_status":"closed","template":"","meta":{"_acf_changed":false,"_kad_blocks_custom_css":"","_kad_blocks_head_custom_js":"","_kad_blocks_body_custom_js":"","_kad_blocks_footer_custom_js":"","_kad_post_transparent":"default","_kad_post_title":"","_kad_post_layout":"default","_kad_post_sidebar_id":"","_kad_post_content_style":"default","_kad_post_vertical_padding":"default","_kad_post_feature":"","_kad_post_feature_position":"","_kad_post_header":false,"_kad_post_footer":false},"product_brand":[],"product_cat":[929],"product_tag":[],"class_list":{"0":"post-3214","1":"product","2":"type-product","3":"status-publish","4":"has-post-thumbnail","6":"product_cat-kalacsok","8":"first","9":"instock","10":"taxable","11":"shipping-taxable","12":"product-type-simple","13":"entry","14":"content-bg","15":"loop-entry"},"acf":[],"taxonomy_info":{"product_cat":[{"value":929,"label":"Kal\u00e1csok"}]},"featured_image_src_large":["https:\/\/timkobrut.ro\/wp-content\/uploads\/2024\/07\/Mini-cozonac-cu-nuca.webp",600,400,false],"author_info":[],"comment_info":0,"_links":{"self":[{"href":"https:\/\/timkobrut.ro\/hu\/wp-json\/wp\/v2\/product\/3214","targetHints":{"allow":["GET"]}}],"collection":[{"href":"https:\/\/timkobrut.ro\/hu\/wp-json\/wp\/v2\/product"}],"about":[{"href":"https:\/\/timkobrut.ro\/hu\/wp-json\/wp\/v2\/types\/product"}],"replies":[{"embeddable":true,"href":"https:\/\/timkobrut.ro\/hu\/wp-json\/wp\/v2\/comments?post=3214"}],"wp:featuredmedia":[{"embeddable":true,"href":"https:\/\/timkobrut.ro\/hu\/wp-json\/wp\/v2\/media\/2771"}],"wp:attachment":[{"href":"https:\/\/timkobrut.ro\/hu\/wp-json\/wp\/v2\/media?parent=3214"}],"wp:term":[{"taxonomy":"product_brand","embeddable":true,"href":"https:\/\/timkobrut.ro\/hu\/wp-json\/wp\/v2\/product_brand?post=3214"},{"taxonomy":"product_cat","embeddable":true,"href":"https:\/\/timkobrut.ro\/hu\/wp-json\/wp\/v2\/product_cat?post=3214"},{"taxonomy":"product_tag","embeddable":true,"href":"https:\/\/timkobrut.ro\/hu\/wp-json\/wp\/v2\/product_tag?post=3214"}],"curies":[{"name":"wp","href":"https:\/\/api.w.org\/{rel}","templated":true}]}}