{"id":3203,"date":"2024-10-10T13:03:19","date_gmt":"2024-10-10T10:03:19","guid":{"rendered":"https:\/\/timko.wpfitness.dev\/produs\/makos-csiga-90-g\/"},"modified":"2025-04-28T14:07:34","modified_gmt":"2025-04-28T11:07:34","slug":"makos-csiga-90-g","status":"publish","type":"product","link":"https:\/\/timkobrut.ro\/hu\/termek\/makos-csiga-90-g\/","title":{"rendered":"M\u00e1kos csiga 90 g"},"content":{"rendered":"<p>A m\u00e1kos csiga term\u00e9szetes \u00f6sszetev\u0151kb\u0151l k\u00e9sz\u00fclt, k\u00e9zm\u0171ves p\u00e9ks\u00fctem\u00e9ny, \u00edzletes m\u00e1kos t\u00f6ltel\u00e9kkel. Ropog\u00f3s, r\u00e9teges t\u00e9szt\u00e1ja \u00e9s a gazdag m\u00e1k t\u00f6ltel\u00e9k t\u00f6k\u00e9letes kombin\u00e1ci\u00f3t alkot. Ide\u00e1lis v\u00e1laszt\u00e1s reggelire, uzsonn\u00e1ra vagy desszertk\u00e9nt.<\/p>\n","protected":false},"excerpt":{"rendered":"<p>A m\u00e1kos csiga term\u00e9szetes \u00f6sszetev\u0151kb\u0151l k\u00e9sz\u00fclt, k\u00e9zm\u0171ves p\u00e9ks\u00fctem\u00e9ny, \u00edzletes m\u00e1kos t\u00f6ltel\u00e9kkel. Ropog\u00f3s, r\u00e9teges t\u00e9szt\u00e1ja \u00e9s a gazdag m\u00e1k t\u00f6ltel\u00e9k t\u00f6k\u00e9letes kombin\u00e1ci\u00f3t alkot. Ide\u00e1lis v\u00e1laszt\u00e1s reggelire, uzsonn\u00e1ra vagy desszertk\u00e9nt.<\/p>\n","protected":false},"featured_media":4119,"comment_status":"open","ping_status":"closed","template":"","meta":{"_acf_changed":false,"_kad_blocks_custom_css":"","_kad_blocks_head_custom_js":"","_kad_blocks_body_custom_js":"","_kad_blocks_footer_custom_js":"","_kad_post_transparent":"default","_kad_post_title":"","_kad_post_layout":"default","_kad_post_sidebar_id":"","_kad_post_content_style":"default","_kad_post_vertical_padding":"default","_kad_post_feature":"","_kad_post_feature_position":"","_kad_post_header":false,"_kad_post_footer":false},"product_brand":[],"product_cat":[928,943],"product_tag":[],"class_list":{"0":"post-3203","1":"product","2":"type-product","3":"status-publish","4":"has-post-thumbnail","6":"product_cat-peksutemenyek","7":"product_cat-edes-peksutemenyek","9":"first","10":"instock","11":"taxable","12":"shipping-taxable","13":"product-type-simple","14":"entry","15":"content-bg","16":"loop-entry"},"acf":[],"taxonomy_info":{"product_cat":[{"value":928,"label":"P\u00e9ks\u00fctem\u00e9nyek"},{"value":943,"label":"\u00c9des p\u00e9ks\u00fctem\u00e9nyek"}]},"featured_image_src_large":["https:\/\/timkobrut.ro\/wp-content\/uploads\/2024\/10\/makos-csiga-1.jpg",400,198,false],"author_info":[],"comment_info":0,"_links":{"self":[{"href":"https:\/\/timkobrut.ro\/hu\/wp-json\/wp\/v2\/product\/3203","targetHints":{"allow":["GET"]}}],"collection":[{"href":"https:\/\/timkobrut.ro\/hu\/wp-json\/wp\/v2\/product"}],"about":[{"href":"https:\/\/timkobrut.ro\/hu\/wp-json\/wp\/v2\/types\/product"}],"replies":[{"embeddable":true,"href":"https:\/\/timkobrut.ro\/hu\/wp-json\/wp\/v2\/comments?post=3203"}],"wp:featuredmedia":[{"embeddable":true,"href":"https:\/\/timkobrut.ro\/hu\/wp-json\/wp\/v2\/media\/4119"}],"wp:attachment":[{"href":"https:\/\/timkobrut.ro\/hu\/wp-json\/wp\/v2\/media?parent=3203"}],"wp:term":[{"taxonomy":"product_brand","embeddable":true,"href":"https:\/\/timkobrut.ro\/hu\/wp-json\/wp\/v2\/product_brand?post=3203"},{"taxonomy":"product_cat","embeddable":true,"href":"https:\/\/timkobrut.ro\/hu\/wp-json\/wp\/v2\/product_cat?post=3203"},{"taxonomy":"product_tag","embeddable":true,"href":"https:\/\/timkobrut.ro\/hu\/wp-json\/wp\/v2\/product_tag?post=3203"}],"curies":[{"name":"wp","href":"https:\/\/api.w.org\/{rel}","templated":true}]}}