{"id":3200,"date":"2024-10-10T13:03:18","date_gmt":"2024-10-10T10:03:18","guid":{"rendered":"https:\/\/timko.wpfitness.dev\/produs\/kakaos-perec-90-g\/"},"modified":"2025-04-28T14:05:55","modified_gmt":"2025-04-28T11:05:55","slug":"kakaos-perec-90-g","status":"publish","type":"product","link":"https:\/\/timkobrut.ro\/hu\/termek\/kakaos-perec-90-g\/","title":{"rendered":"Kaka\u00f3s perec 90 g"},"content":{"rendered":"<p>A term\u00e9szetes \u00f6sszetev\u0151kb\u0151l k\u00e9sz\u00fclt hagyom\u00e1nyos, k\u00e9zm\u0171ves kak\u00f3s perec, t\u00f6k\u00e9letes nassolnival\u00f3nak.<\/p>\n","protected":false},"excerpt":{"rendered":"<p>A term\u00e9szetes \u00f6sszetev\u0151kb\u0151l k\u00e9sz\u00fclt hagyom\u00e1nyos, k\u00e9zm\u0171ves kak\u00f3s perec, t\u00f6k\u00e9letes nassolnival\u00f3nak.<\/p>\n","protected":false},"featured_media":4131,"comment_status":"open","ping_status":"closed","template":"","meta":{"_acf_changed":false,"_kad_blocks_custom_css":"","_kad_blocks_head_custom_js":"","_kad_blocks_body_custom_js":"","_kad_blocks_footer_custom_js":"","_kad_post_transparent":"default","_kad_post_title":"","_kad_post_layout":"default","_kad_post_sidebar_id":"","_kad_post_content_style":"default","_kad_post_vertical_padding":"default","_kad_post_feature":"","_kad_post_feature_position":"","_kad_post_header":false,"_kad_post_footer":false},"product_brand":[],"product_cat":[928,943],"product_tag":[],"class_list":{"0":"post-3200","1":"product","2":"type-product","3":"status-publish","4":"has-post-thumbnail","6":"product_cat-peksutemenyek","7":"product_cat-edes-peksutemenyek","9":"first","10":"instock","11":"taxable","12":"shipping-taxable","13":"product-type-simple","14":"entry","15":"content-bg","16":"loop-entry"},"acf":[],"taxonomy_info":{"product_cat":[{"value":928,"label":"P\u00e9ks\u00fctem\u00e9nyek"},{"value":943,"label":"\u00c9des p\u00e9ks\u00fctem\u00e9nyek"}]},"featured_image_src_large":["https:\/\/timkobrut.ro\/wp-content\/uploads\/2024\/10\/1000056810.jpg",400,225,false],"author_info":[],"comment_info":0,"_links":{"self":[{"href":"https:\/\/timkobrut.ro\/hu\/wp-json\/wp\/v2\/product\/3200","targetHints":{"allow":["GET"]}}],"collection":[{"href":"https:\/\/timkobrut.ro\/hu\/wp-json\/wp\/v2\/product"}],"about":[{"href":"https:\/\/timkobrut.ro\/hu\/wp-json\/wp\/v2\/types\/product"}],"replies":[{"embeddable":true,"href":"https:\/\/timkobrut.ro\/hu\/wp-json\/wp\/v2\/comments?post=3200"}],"wp:featuredmedia":[{"embeddable":true,"href":"https:\/\/timkobrut.ro\/hu\/wp-json\/wp\/v2\/media\/4131"}],"wp:attachment":[{"href":"https:\/\/timkobrut.ro\/hu\/wp-json\/wp\/v2\/media?parent=3200"}],"wp:term":[{"taxonomy":"product_brand","embeddable":true,"href":"https:\/\/timkobrut.ro\/hu\/wp-json\/wp\/v2\/product_brand?post=3200"},{"taxonomy":"product_cat","embeddable":true,"href":"https:\/\/timkobrut.ro\/hu\/wp-json\/wp\/v2\/product_cat?post=3200"},{"taxonomy":"product_tag","embeddable":true,"href":"https:\/\/timkobrut.ro\/hu\/wp-json\/wp\/v2\/product_tag?post=3200"}],"curies":[{"name":"wp","href":"https:\/\/api.w.org\/{rel}","templated":true}]}}