{"id":3193,"date":"2025-01-16T15:32:54","date_gmt":"2025-01-16T13:32:54","guid":{"rendered":"https:\/\/timko.wpfitness.dev\/produs\/gombas-pizzas-leveles-90-g\/"},"modified":"2025-06-18T12:38:15","modified_gmt":"2025-06-18T09:38:15","slug":"gombas-pizzas-leveles-90-g","status":"publish","type":"product","link":"https:\/\/timkobrut.ro\/hu\/termek\/gombas-pizzas-leveles-90-g\/","title":{"rendered":"Gomb\u00e1s pizz\u00e1s leveles 90 g"},"content":{"rendered":"<p>A gomb\u00e1s leveles term\u00e9szetes alapanyagokb\u00f3l k\u00e9sz\u00fclt, k\u00e9zm\u0171ves p\u00e9ks\u00fctem\u00e9ny, amely \u00edzletes gomb\u00e1s t\u00f6ltel\u00e9kkel van megt\u00f6ltve. Ropog\u00f3s r\u00e9tegei \u00e9s gazdag \u00edze kiv\u00e1l\u00f3 v\u00e1laszt\u00e1ss\u00e1 teszik uzsonn\u00e1ra vagy k\u00f6nny\u0171 vacsor\u00e1ra.<\/p>\n","protected":false},"excerpt":{"rendered":"<p>A gomb\u00e1s leveles term\u00e9szetes alapanyagokb\u00f3l k\u00e9sz\u00fclt, k\u00e9zm\u0171ves p\u00e9ks\u00fctem\u00e9ny, amely \u00edzletes gomb\u00e1s t\u00f6ltel\u00e9kkel van megt\u00f6ltve. Ropog\u00f3s r\u00e9tegei \u00e9s gazdag \u00edze kiv\u00e1l\u00f3 v\u00e1laszt\u00e1ss\u00e1 teszik uzsonn\u00e1ra vagy k\u00f6nny\u0171 vacsor\u00e1ra.<\/p>\n","protected":false},"featured_media":4113,"comment_status":"closed","ping_status":"closed","template":"","meta":{"_acf_changed":false,"_kad_blocks_custom_css":"","_kad_blocks_head_custom_js":"","_kad_blocks_body_custom_js":"","_kad_blocks_footer_custom_js":"","_kad_post_transparent":"default","_kad_post_title":"","_kad_post_layout":"default","_kad_post_sidebar_id":"","_kad_post_content_style":"default","_kad_post_vertical_padding":"default","_kad_post_feature":"","_kad_post_feature_position":"","_kad_post_header":false,"_kad_post_footer":false},"product_brand":[],"product_cat":[928,944],"product_tag":[],"class_list":{"0":"post-3193","1":"product","2":"type-product","3":"status-publish","4":"has-post-thumbnail","6":"product_cat-peksutemenyek","7":"product_cat-sos-peksutemenyek","9":"first","10":"instock","11":"taxable","12":"shipping-taxable","13":"product-type-simple","14":"entry","15":"content-bg","16":"loop-entry"},"acf":[],"taxonomy_info":{"product_cat":[{"value":928,"label":"P\u00e9ks\u00fctem\u00e9nyek"},{"value":944,"label":"S\u00f3s p\u00e9ks\u00fctem\u00e9nyek"}]},"featured_image_src_large":["https:\/\/timkobrut.ro\/wp-content\/uploads\/2025\/01\/Pizzas-gombas.jpg",400,287,false],"author_info":[],"comment_info":0,"_links":{"self":[{"href":"https:\/\/timkobrut.ro\/hu\/wp-json\/wp\/v2\/product\/3193","targetHints":{"allow":["GET"]}}],"collection":[{"href":"https:\/\/timkobrut.ro\/hu\/wp-json\/wp\/v2\/product"}],"about":[{"href":"https:\/\/timkobrut.ro\/hu\/wp-json\/wp\/v2\/types\/product"}],"replies":[{"embeddable":true,"href":"https:\/\/timkobrut.ro\/hu\/wp-json\/wp\/v2\/comments?post=3193"}],"wp:featuredmedia":[{"embeddable":true,"href":"https:\/\/timkobrut.ro\/hu\/wp-json\/wp\/v2\/media\/4113"}],"wp:attachment":[{"href":"https:\/\/timkobrut.ro\/hu\/wp-json\/wp\/v2\/media?parent=3193"}],"wp:term":[{"taxonomy":"product_brand","embeddable":true,"href":"https:\/\/timkobrut.ro\/hu\/wp-json\/wp\/v2\/product_brand?post=3193"},{"taxonomy":"product_cat","embeddable":true,"href":"https:\/\/timkobrut.ro\/hu\/wp-json\/wp\/v2\/product_cat?post=3193"},{"taxonomy":"product_tag","embeddable":true,"href":"https:\/\/timkobrut.ro\/hu\/wp-json\/wp\/v2\/product_tag?post=3193"}],"curies":[{"name":"wp","href":"https:\/\/api.w.org\/{rel}","templated":true}]}}