{"id":3191,"date":"2024-10-10T13:03:17","date_gmt":"2024-10-10T10:03:17","guid":{"rendered":"https:\/\/timko.wpfitness.dev\/produs\/burgonyas-pogacsa-90-g\/"},"modified":"2025-04-09T13:03:16","modified_gmt":"2025-04-09T10:03:16","slug":"burgonyas-pogacsa-90-g","status":"publish","type":"product","link":"https:\/\/timkobrut.ro\/hu\/termek\/burgonyas-pogacsa-90-g\/","title":{"rendered":"Burgony\u00e1s pog\u00e1csa 90 g"},"content":{"rendered":"<p>A hagyom\u00e1nyos, term\u00e9szetes alapanyagokb\u00f3l, k\u00e9sz\u00fclt, k\u00e9zm\u0171ves burgony\u00e1s pog\u00e1csa t\u00f6k\u00e9letes v\u00e1laszt\u00e1s b\u00e1rmilyen alkalomra, \u00edzletes \u00e9s t\u00e1pl\u00e1l\u00f3 snackk\u00e9nt.<\/p>\n","protected":false},"excerpt":{"rendered":"<p>A hagyom\u00e1nyos, term\u00e9szetes alapanyagokb\u00f3l, k\u00e9sz\u00fclt, k\u00e9zm\u0171ves burgony\u00e1s pog\u00e1csa t\u00f6k\u00e9letes v\u00e1laszt\u00e1s b\u00e1rmilyen alkalomra, \u00edzletes \u00e9s t\u00e1pl\u00e1l\u00f3 snackk\u00e9nt.<\/p>\n","protected":false},"featured_media":4156,"comment_status":"open","ping_status":"closed","template":"","meta":{"_acf_changed":false,"_kad_blocks_custom_css":"","_kad_blocks_head_custom_js":"","_kad_blocks_body_custom_js":"","_kad_blocks_footer_custom_js":"","_kad_post_transparent":"default","_kad_post_title":"","_kad_post_layout":"default","_kad_post_sidebar_id":"","_kad_post_content_style":"default","_kad_post_vertical_padding":"default","_kad_post_feature":"","_kad_post_feature_position":"","_kad_post_header":false,"_kad_post_footer":false},"product_brand":[],"product_cat":[928,944],"product_tag":[],"class_list":{"0":"post-3191","1":"product","2":"type-product","3":"status-publish","4":"has-post-thumbnail","6":"product_cat-peksutemenyek","7":"product_cat-sos-peksutemenyek","9":"first","10":"instock","11":"taxable","12":"shipping-taxable","13":"product-type-simple","14":"entry","15":"content-bg","16":"loop-entry"},"acf":[],"taxonomy_info":{"product_cat":[{"value":928,"label":"P\u00e9ks\u00fctem\u00e9nyek"},{"value":944,"label":"S\u00f3s p\u00e9ks\u00fctem\u00e9nyek"}]},"featured_image_src_large":["https:\/\/timkobrut.ro\/wp-content\/uploads\/2024\/10\/Burgi-1.jpg",400,254,false],"author_info":[],"comment_info":0,"_links":{"self":[{"href":"https:\/\/timkobrut.ro\/hu\/wp-json\/wp\/v2\/product\/3191","targetHints":{"allow":["GET"]}}],"collection":[{"href":"https:\/\/timkobrut.ro\/hu\/wp-json\/wp\/v2\/product"}],"about":[{"href":"https:\/\/timkobrut.ro\/hu\/wp-json\/wp\/v2\/types\/product"}],"replies":[{"embeddable":true,"href":"https:\/\/timkobrut.ro\/hu\/wp-json\/wp\/v2\/comments?post=3191"}],"wp:featuredmedia":[{"embeddable":true,"href":"https:\/\/timkobrut.ro\/hu\/wp-json\/wp\/v2\/media\/4156"}],"wp:attachment":[{"href":"https:\/\/timkobrut.ro\/hu\/wp-json\/wp\/v2\/media?parent=3191"}],"wp:term":[{"taxonomy":"product_brand","embeddable":true,"href":"https:\/\/timkobrut.ro\/hu\/wp-json\/wp\/v2\/product_brand?post=3191"},{"taxonomy":"product_cat","embeddable":true,"href":"https:\/\/timkobrut.ro\/hu\/wp-json\/wp\/v2\/product_cat?post=3191"},{"taxonomy":"product_tag","embeddable":true,"href":"https:\/\/timkobrut.ro\/hu\/wp-json\/wp\/v2\/product_tag?post=3191"}],"curies":[{"name":"wp","href":"https:\/\/api.w.org\/{rel}","templated":true}]}}