{"id":3187,"date":"2024-10-10T13:03:17","date_gmt":"2024-10-10T10:03:17","guid":{"rendered":"https:\/\/timko.wpfitness.dev\/produs\/orias-sajtos-90-g\/"},"modified":"2025-04-28T13:13:22","modified_gmt":"2025-04-28T10:13:22","slug":"orias-sajtos-90-g","status":"publish","type":"product","link":"https:\/\/timkobrut.ro\/hu\/termek\/orias-sajtos-90-g\/","title":{"rendered":"\u00d3ri\u00e1s sajtos 90 g"},"content":{"rendered":"<p>A hagyom\u00e1nyos recept alapj\u00e1n, term\u00e9szetes \u00f6sszetev\u0151kb\u0151l k\u00e9sz\u00fclt ropog\u00f3s \u00e9s \u00edzletes, k\u00e9zm\u0171ves \u00f3ri\u00e1s sajtos p\u00e9ks\u00fctem\u00e9ny. Gazdag sajtos \u00edze \u00e9s frissess\u00e9ge t\u00f6k\u00e9letes v\u00e1laszt\u00e1ss\u00e1 teszi reggelire, uzsonn\u00e1ra vagy b\u00e1rmilyen alkalomra.<\/p>\n","protected":false},"excerpt":{"rendered":"<p>A hagyom\u00e1nyos recept alapj\u00e1n, term\u00e9szetes \u00f6sszetev\u0151kb\u0151l k\u00e9sz\u00fclt ropog\u00f3s \u00e9s \u00edzletes, k\u00e9zm\u0171ves \u00f3ri\u00e1s sajtos p\u00e9ks\u00fctem\u00e9ny. Gazdag sajtos \u00edze \u00e9s frissess\u00e9ge t\u00f6k\u00e9letes v\u00e1laszt\u00e1ss\u00e1 teszi reggelire, uzsonn\u00e1ra vagy b\u00e1rmilyen alkalomra.<\/p>\n","protected":false},"featured_media":4162,"comment_status":"open","ping_status":"closed","template":"","meta":{"_acf_changed":false,"_kad_blocks_custom_css":"","_kad_blocks_head_custom_js":"","_kad_blocks_body_custom_js":"","_kad_blocks_footer_custom_js":"","_kad_post_transparent":"default","_kad_post_title":"","_kad_post_layout":"default","_kad_post_sidebar_id":"","_kad_post_content_style":"default","_kad_post_vertical_padding":"default","_kad_post_feature":"","_kad_post_feature_position":"","_kad_post_header":false,"_kad_post_footer":false},"product_brand":[],"product_cat":[928,944],"product_tag":[],"class_list":{"0":"post-3187","1":"product","2":"type-product","3":"status-publish","4":"has-post-thumbnail","6":"product_cat-peksutemenyek","7":"product_cat-sos-peksutemenyek","9":"first","10":"instock","11":"taxable","12":"shipping-taxable","13":"product-type-simple","14":"entry","15":"content-bg","16":"loop-entry"},"acf":[],"taxonomy_info":{"product_cat":[{"value":928,"label":"P\u00e9ks\u00fctem\u00e9nyek"},{"value":944,"label":"S\u00f3s p\u00e9ks\u00fctem\u00e9nyek"}]},"featured_image_src_large":["https:\/\/timkobrut.ro\/wp-content\/uploads\/2024\/10\/Orias-sajtos-2.jpg",400,225,false],"author_info":[],"comment_info":0,"_links":{"self":[{"href":"https:\/\/timkobrut.ro\/hu\/wp-json\/wp\/v2\/product\/3187","targetHints":{"allow":["GET"]}}],"collection":[{"href":"https:\/\/timkobrut.ro\/hu\/wp-json\/wp\/v2\/product"}],"about":[{"href":"https:\/\/timkobrut.ro\/hu\/wp-json\/wp\/v2\/types\/product"}],"replies":[{"embeddable":true,"href":"https:\/\/timkobrut.ro\/hu\/wp-json\/wp\/v2\/comments?post=3187"}],"wp:featuredmedia":[{"embeddable":true,"href":"https:\/\/timkobrut.ro\/hu\/wp-json\/wp\/v2\/media\/4162"}],"wp:attachment":[{"href":"https:\/\/timkobrut.ro\/hu\/wp-json\/wp\/v2\/media?parent=3187"}],"wp:term":[{"taxonomy":"product_brand","embeddable":true,"href":"https:\/\/timkobrut.ro\/hu\/wp-json\/wp\/v2\/product_brand?post=3187"},{"taxonomy":"product_cat","embeddable":true,"href":"https:\/\/timkobrut.ro\/hu\/wp-json\/wp\/v2\/product_cat?post=3187"},{"taxonomy":"product_tag","embeddable":true,"href":"https:\/\/timkobrut.ro\/hu\/wp-json\/wp\/v2\/product_tag?post=3187"}],"curies":[{"name":"wp","href":"https:\/\/api.w.org\/{rel}","templated":true}]}}