{"id":3186,"date":"2024-10-10T13:03:16","date_gmt":"2024-10-10T10:03:16","guid":{"rendered":"https:\/\/timko.wpfitness.dev\/produs\/hamburger-zsemle-90-g\/"},"modified":"2025-04-28T12:51:28","modified_gmt":"2025-04-28T09:51:28","slug":"hamburger-zsemle-90-g","status":"publish","type":"product","link":"https:\/\/timkobrut.ro\/hu\/termek\/hamburger-zsemle-90-g\/","title":{"rendered":"Hamburger zsemle 90 g"},"content":{"rendered":"<p>A term\u00e9szetes \u00f6sszetev\u0151kb\u0151l, hagyom\u00e1nyos recept alapj\u00e1n k\u00e9sz\u00fclt k\u00e1zm\u0171ves hamburger zsemle k\u00f6nny\u0171 \u00e9s oml\u00f3s. T\u00f6k\u00e9letes v\u00e1laszt\u00e1s hamburgerek k\u00e9sz\u00edt\u00e9s\u00e9hez, hiszen j\u00f3l tartja a form\u00e1j\u00e1t \u00e9s remek\u00fcl kieg\u00e9sz\u00edti a h\u00fasok \u00e9s z\u00f6lds\u00e9gek \u00edz\u00e9t. Kiv\u00e1l\u00f3 min\u0151s\u00e9ge miatt ide\u00e1lis grillez\u00e9sekhez \u00e9s gyors \u00e9tkez\u00e9sekhez egyar\u00e1nt.<\/p>\n","protected":false},"excerpt":{"rendered":"<p>A term\u00e9szetes \u00f6sszetev\u0151kb\u0151l, hagyom\u00e1nyos recept alapj\u00e1n k\u00e9sz\u00fclt k\u00e1zm\u0171ves hamburger zsemle k\u00f6nny\u0171 \u00e9s oml\u00f3s. T\u00f6k\u00e9letes v\u00e1laszt\u00e1s hamburgerek k\u00e9sz\u00edt\u00e9s\u00e9hez, hiszen j\u00f3l tartja a form\u00e1j\u00e1t \u00e9s remek\u00fcl kieg\u00e9sz\u00edti a h\u00fasok \u00e9s z\u00f6lds\u00e9gek \u00edz\u00e9t. Kiv\u00e1l\u00f3 min\u0151s\u00e9ge miatt ide\u00e1lis grillez\u00e9sekhez \u00e9s gyors \u00e9tkez\u00e9sekhez egyar\u00e1nt.<\/p>\n","protected":false},"featured_media":4089,"comment_status":"open","ping_status":"closed","template":"","meta":{"_acf_changed":false,"_kad_blocks_custom_css":"","_kad_blocks_head_custom_js":"","_kad_blocks_body_custom_js":"","_kad_blocks_footer_custom_js":"","_kad_post_transparent":"default","_kad_post_title":"","_kad_post_layout":"default","_kad_post_sidebar_id":"","_kad_post_content_style":"default","_kad_post_vertical_padding":"default","_kad_post_feature":"","_kad_post_feature_position":"","_kad_post_header":false,"_kad_post_footer":false},"product_brand":[],"product_cat":[927],"product_tag":[],"class_list":{"0":"post-3186","1":"product","2":"type-product","3":"status-publish","4":"has-post-thumbnail","6":"product_cat-kiflik","8":"first","9":"instock","10":"taxable","11":"shipping-taxable","12":"product-type-simple","13":"entry","14":"content-bg","15":"loop-entry"},"acf":[],"taxonomy_info":{"product_cat":[{"value":927,"label":"Kiflik"}]},"featured_image_src_large":["https:\/\/timkobrut.ro\/wp-content\/uploads\/2024\/10\/Hamburger-zsemle.jpg",400,225,false],"author_info":[],"comment_info":0,"_links":{"self":[{"href":"https:\/\/timkobrut.ro\/hu\/wp-json\/wp\/v2\/product\/3186","targetHints":{"allow":["GET"]}}],"collection":[{"href":"https:\/\/timkobrut.ro\/hu\/wp-json\/wp\/v2\/product"}],"about":[{"href":"https:\/\/timkobrut.ro\/hu\/wp-json\/wp\/v2\/types\/product"}],"replies":[{"embeddable":true,"href":"https:\/\/timkobrut.ro\/hu\/wp-json\/wp\/v2\/comments?post=3186"}],"wp:featuredmedia":[{"embeddable":true,"href":"https:\/\/timkobrut.ro\/hu\/wp-json\/wp\/v2\/media\/4089"}],"wp:attachment":[{"href":"https:\/\/timkobrut.ro\/hu\/wp-json\/wp\/v2\/media?parent=3186"}],"wp:term":[{"taxonomy":"product_brand","embeddable":true,"href":"https:\/\/timkobrut.ro\/hu\/wp-json\/wp\/v2\/product_brand?post=3186"},{"taxonomy":"product_cat","embeddable":true,"href":"https:\/\/timkobrut.ro\/hu\/wp-json\/wp\/v2\/product_cat?post=3186"},{"taxonomy":"product_tag","embeddable":true,"href":"https:\/\/timkobrut.ro\/hu\/wp-json\/wp\/v2\/product_tag?post=3186"}],"curies":[{"name":"wp","href":"https:\/\/api.w.org\/{rel}","templated":true}]}}