{"id":3185,"date":"2024-10-10T13:03:16","date_gmt":"2024-10-10T10:03:16","guid":{"rendered":"https:\/\/timko.wpfitness.dev\/produs\/korpas-kifli-80-g\/"},"modified":"2025-04-28T12:56:07","modified_gmt":"2025-04-28T09:56:07","slug":"korpas-kifli-80-g","status":"publish","type":"product","link":"https:\/\/timkobrut.ro\/hu\/termek\/korpas-kifli-80-g\/","title":{"rendered":"Korp\u00e1s kifli 80 g"},"content":{"rendered":"<p>A hagyom\u00e1nyos recept alapj\u00e1n, term\u00e9szetes \u00f6sszetev\u0151kb\u0151l k\u00e9sz\u00fclt korp\u00e1s kifli puha \u00e9s finom. Magas rosttartalma miatt ide\u00e1lis v\u00e1laszt\u00e1s az eg\u00e9szs\u00e9gtudatos \u00e9tkez\u00e9sekhez.<\/p>\n","protected":false},"excerpt":{"rendered":"<p>A hagyom\u00e1nyos recept alapj\u00e1n, term\u00e9szetes \u00f6sszetev\u0151kb\u0151l k\u00e9sz\u00fclt korp\u00e1s kifli puha \u00e9s finom. Magas rosttartalma miatt ide\u00e1lis v\u00e1laszt\u00e1s az eg\u00e9szs\u00e9gtudatos \u00e9tkez\u00e9sekhez.<\/p>\n","protected":false},"featured_media":4086,"comment_status":"open","ping_status":"closed","template":"","meta":{"_acf_changed":false,"_kad_blocks_custom_css":"","_kad_blocks_head_custom_js":"","_kad_blocks_body_custom_js":"","_kad_blocks_footer_custom_js":"","_kad_post_transparent":"default","_kad_post_title":"","_kad_post_layout":"default","_kad_post_sidebar_id":"","_kad_post_content_style":"default","_kad_post_vertical_padding":"default","_kad_post_feature":"","_kad_post_feature_position":"","_kad_post_header":false,"_kad_post_footer":false},"product_brand":[],"product_cat":[927],"product_tag":[],"class_list":{"0":"post-3185","1":"product","2":"type-product","3":"status-publish","4":"has-post-thumbnail","6":"product_cat-kiflik","8":"first","9":"instock","10":"taxable","11":"shipping-taxable","12":"product-type-simple","13":"entry","14":"content-bg","15":"loop-entry"},"acf":[],"taxonomy_info":{"product_cat":[{"value":927,"label":"Kiflik"}]},"featured_image_src_large":["https:\/\/timkobrut.ro\/wp-content\/uploads\/2024\/10\/korpas-kifli-1.jpg",400,225,false],"author_info":[],"comment_info":0,"_links":{"self":[{"href":"https:\/\/timkobrut.ro\/hu\/wp-json\/wp\/v2\/product\/3185","targetHints":{"allow":["GET"]}}],"collection":[{"href":"https:\/\/timkobrut.ro\/hu\/wp-json\/wp\/v2\/product"}],"about":[{"href":"https:\/\/timkobrut.ro\/hu\/wp-json\/wp\/v2\/types\/product"}],"replies":[{"embeddable":true,"href":"https:\/\/timkobrut.ro\/hu\/wp-json\/wp\/v2\/comments?post=3185"}],"wp:featuredmedia":[{"embeddable":true,"href":"https:\/\/timkobrut.ro\/hu\/wp-json\/wp\/v2\/media\/4086"}],"wp:attachment":[{"href":"https:\/\/timkobrut.ro\/hu\/wp-json\/wp\/v2\/media?parent=3185"}],"wp:term":[{"taxonomy":"product_brand","embeddable":true,"href":"https:\/\/timkobrut.ro\/hu\/wp-json\/wp\/v2\/product_brand?post=3185"},{"taxonomy":"product_cat","embeddable":true,"href":"https:\/\/timkobrut.ro\/hu\/wp-json\/wp\/v2\/product_cat?post=3185"},{"taxonomy":"product_tag","embeddable":true,"href":"https:\/\/timkobrut.ro\/hu\/wp-json\/wp\/v2\/product_tag?post=3185"}],"curies":[{"name":"wp","href":"https:\/\/api.w.org\/{rel}","templated":true}]}}