{"id":3183,"date":"2024-10-10T13:03:16","date_gmt":"2024-10-10T10:03:16","guid":{"rendered":"https:\/\/timko.wpfitness.dev\/produs\/szezammagos-kifli-90-g\/"},"modified":"2025-04-28T12:54:12","modified_gmt":"2025-04-28T09:54:12","slug":"szezammagos-kifli-90-g","status":"publish","type":"product","link":"https:\/\/timkobrut.ro\/hu\/termek\/szezammagos-kifli-90-g\/","title":{"rendered":"Szez\u00e1mmagos kifli 90 g"},"content":{"rendered":"<p>A term\u00e9szetes \u00f6sszetev\u0151kb\u0151l k\u00e9sz\u00fclt hagyom\u00e1nyos k\u00e9zm\u0171ves szez\u00e1mmagos finom kifli. A teteje szez\u00e1mmaggal van megsz\u00f3rva, ami ropog\u00f3s, \u00e9s k\u00fcl\u00f6nleges \u00edzt biztos\u00edt.<\/p>\n","protected":false},"excerpt":{"rendered":"<p>A term\u00e9szetes \u00f6sszetev\u0151kb\u0151l k\u00e9sz\u00fclt hagyom\u00e1nyos k\u00e9zm\u0171ves szez\u00e1mmagos finom kifli. A teteje szez\u00e1mmaggal van megsz\u00f3rva, ami ropog\u00f3s, \u00e9s k\u00fcl\u00f6nleges \u00edzt biztos\u00edt.<\/p>\n","protected":false},"featured_media":4080,"comment_status":"open","ping_status":"closed","template":"","meta":{"_acf_changed":false,"_kad_blocks_custom_css":"","_kad_blocks_head_custom_js":"","_kad_blocks_body_custom_js":"","_kad_blocks_footer_custom_js":"","_kad_post_transparent":"default","_kad_post_title":"","_kad_post_layout":"default","_kad_post_sidebar_id":"","_kad_post_content_style":"default","_kad_post_vertical_padding":"default","_kad_post_feature":"","_kad_post_feature_position":"","_kad_post_header":false,"_kad_post_footer":false},"product_brand":[],"product_cat":[927],"product_tag":[],"class_list":{"0":"post-3183","1":"product","2":"type-product","3":"status-publish","4":"has-post-thumbnail","6":"product_cat-kiflik","8":"first","9":"instock","10":"taxable","11":"shipping-taxable","12":"product-type-simple","13":"entry","14":"content-bg","15":"loop-entry"},"acf":[],"taxonomy_info":{"product_cat":[{"value":927,"label":"Kiflik"}]},"featured_image_src_large":["https:\/\/timkobrut.ro\/wp-content\/uploads\/2024\/10\/Szezamos-kifli.jpg",400,225,false],"author_info":[],"comment_info":0,"_links":{"self":[{"href":"https:\/\/timkobrut.ro\/hu\/wp-json\/wp\/v2\/product\/3183","targetHints":{"allow":["GET"]}}],"collection":[{"href":"https:\/\/timkobrut.ro\/hu\/wp-json\/wp\/v2\/product"}],"about":[{"href":"https:\/\/timkobrut.ro\/hu\/wp-json\/wp\/v2\/types\/product"}],"replies":[{"embeddable":true,"href":"https:\/\/timkobrut.ro\/hu\/wp-json\/wp\/v2\/comments?post=3183"}],"wp:featuredmedia":[{"embeddable":true,"href":"https:\/\/timkobrut.ro\/hu\/wp-json\/wp\/v2\/media\/4080"}],"wp:attachment":[{"href":"https:\/\/timkobrut.ro\/hu\/wp-json\/wp\/v2\/media?parent=3183"}],"wp:term":[{"taxonomy":"product_brand","embeddable":true,"href":"https:\/\/timkobrut.ro\/hu\/wp-json\/wp\/v2\/product_brand?post=3183"},{"taxonomy":"product_cat","embeddable":true,"href":"https:\/\/timkobrut.ro\/hu\/wp-json\/wp\/v2\/product_cat?post=3183"},{"taxonomy":"product_tag","embeddable":true,"href":"https:\/\/timkobrut.ro\/hu\/wp-json\/wp\/v2\/product_tag?post=3183"}],"curies":[{"name":"wp","href":"https:\/\/api.w.org\/{rel}","templated":true}]}}