{"id":3182,"date":"2024-10-10T13:03:16","date_gmt":"2024-10-10T10:03:16","guid":{"rendered":"https:\/\/timko.wpfitness.dev\/produs\/hot-dog-kifli-90-g\/"},"modified":"2025-04-28T12:53:02","modified_gmt":"2025-04-28T09:53:02","slug":"hot-dog-kifli-90-g","status":"publish","type":"product","link":"https:\/\/timkobrut.ro\/hu\/termek\/hot-dog-kifli-90-g\/","title":{"rendered":"Hot dog kifli 90 g"},"content":{"rendered":"<p>Term\u00e9szetes \u00f6sszetev\u0151kb\u0151l k\u00e9sz\u00fclt k\u00e9zm\u0171ves feh\u00e9r puha kifli t\u00f6k\u00e9letes hot dogok k\u00e9sz\u00edt\u00e9s\u00e9hez. Kiv\u00e1l\u00f3an kieg\u00e9sz\u00edti a grillezett kolb\u00e1szokat \u00e9s virsliket, ez\u00e9rt ide\u00e1lis v\u00e1laszt\u00e1s grillez\u00e9sekhez \u00e9s gyors \u00e9tkez\u00e9sekhez egyar\u00e1nt.<\/p>\n","protected":false},"excerpt":{"rendered":"<p>Term\u00e9szetes \u00f6sszetev\u0151kb\u0151l k\u00e9sz\u00fclt k\u00e9zm\u0171ves feh\u00e9r puha kifli t\u00f6k\u00e9letes hot dogok k\u00e9sz\u00edt\u00e9s\u00e9hez. Kiv\u00e1l\u00f3an kieg\u00e9sz\u00edti a grillezett kolb\u00e1szokat \u00e9s virsliket, ez\u00e9rt ide\u00e1lis v\u00e1laszt\u00e1s grillez\u00e9sekhez \u00e9s gyors \u00e9tkez\u00e9sekhez egyar\u00e1nt.<\/p>\n","protected":false},"featured_media":4077,"comment_status":"open","ping_status":"closed","template":"","meta":{"_acf_changed":false,"_kad_blocks_custom_css":"","_kad_blocks_head_custom_js":"","_kad_blocks_body_custom_js":"","_kad_blocks_footer_custom_js":"","_kad_post_transparent":"default","_kad_post_title":"","_kad_post_layout":"default","_kad_post_sidebar_id":"","_kad_post_content_style":"default","_kad_post_vertical_padding":"default","_kad_post_feature":"","_kad_post_feature_position":"","_kad_post_header":false,"_kad_post_footer":false},"product_brand":[],"product_cat":[927],"product_tag":[],"class_list":{"0":"post-3182","1":"product","2":"type-product","3":"status-publish","4":"has-post-thumbnail","6":"product_cat-kiflik","8":"first","9":"instock","10":"taxable","11":"shipping-taxable","12":"product-type-simple","13":"entry","14":"content-bg","15":"loop-entry"},"acf":[],"taxonomy_info":{"product_cat":[{"value":927,"label":"Kiflik"}]},"featured_image_src_large":["https:\/\/timkobrut.ro\/wp-content\/uploads\/2024\/10\/hot-dog-kifli-3.jpg",400,225,false],"author_info":[],"comment_info":0,"_links":{"self":[{"href":"https:\/\/timkobrut.ro\/hu\/wp-json\/wp\/v2\/product\/3182","targetHints":{"allow":["GET"]}}],"collection":[{"href":"https:\/\/timkobrut.ro\/hu\/wp-json\/wp\/v2\/product"}],"about":[{"href":"https:\/\/timkobrut.ro\/hu\/wp-json\/wp\/v2\/types\/product"}],"replies":[{"embeddable":true,"href":"https:\/\/timkobrut.ro\/hu\/wp-json\/wp\/v2\/comments?post=3182"}],"wp:featuredmedia":[{"embeddable":true,"href":"https:\/\/timkobrut.ro\/hu\/wp-json\/wp\/v2\/media\/4077"}],"wp:attachment":[{"href":"https:\/\/timkobrut.ro\/hu\/wp-json\/wp\/v2\/media?parent=3182"}],"wp:term":[{"taxonomy":"product_brand","embeddable":true,"href":"https:\/\/timkobrut.ro\/hu\/wp-json\/wp\/v2\/product_brand?post=3182"},{"taxonomy":"product_cat","embeddable":true,"href":"https:\/\/timkobrut.ro\/hu\/wp-json\/wp\/v2\/product_cat?post=3182"},{"taxonomy":"product_tag","embeddable":true,"href":"https:\/\/timkobrut.ro\/hu\/wp-json\/wp\/v2\/product_tag?post=3182"}],"curies":[{"name":"wp","href":"https:\/\/api.w.org\/{rel}","templated":true}]}}