{"id":3179,"date":"2025-01-16T15:16:04","date_gmt":"2025-01-16T13:16:04","guid":{"rendered":"https:\/\/timko.wpfitness.dev\/produs\/bagett-300-g\/"},"modified":"2025-06-04T12:48:26","modified_gmt":"2025-06-04T09:48:26","slug":"bagett-300-g","status":"publish","type":"product","link":"https:\/\/timkobrut.ro\/hu\/termek\/bagett-300-g\/","title":{"rendered":"Bagett 300 g"},"content":{"rendered":"<p>A hagyom\u00e1nyos recept alapj\u00e1n, term\u00e9szetes \u00f6sszetev\u0151kb\u0151l k\u00e9sz\u00fclt k\u00e9zm\u0171ves vajas bagett ropog\u00f3s h\u00e9j\u00e1val \u00e9s puha belsej\u00e9vel t\u00f6k\u00e9letes v\u00e1laszt\u00e1s minden \u00e9tkez\u00e9shez. Gazdag \u00edze k\u00fcl\u00f6nlegess\u00e9 teszi, ide\u00e1lis szendvicsekhez vagy \u00f6nmag\u00e1ban fogyasztva.<\/p>\n","protected":false},"excerpt":{"rendered":"<p>A hagyom\u00e1nyos recept alapj\u00e1n, term\u00e9szetes \u00f6sszetev\u0151kb\u0151l k\u00e9sz\u00fclt k\u00e9zm\u0171ves vajas bagett ropog\u00f3s h\u00e9j\u00e1val \u00e9s puha belsej\u00e9vel t\u00f6k\u00e9letes v\u00e1laszt\u00e1s minden \u00e9tkez\u00e9shez. Gazdag \u00edze k\u00fcl\u00f6nlegess\u00e9 teszi, ide\u00e1lis szendvicsekhez vagy \u00f6nmag\u00e1ban fogyasztva.<\/p>\n","protected":false},"featured_media":3998,"comment_status":"closed","ping_status":"closed","template":"","meta":{"_acf_changed":false,"_kad_blocks_custom_css":"","_kad_blocks_head_custom_js":"","_kad_blocks_body_custom_js":"","_kad_blocks_footer_custom_js":"","_kad_post_transparent":"default","_kad_post_title":"","_kad_post_layout":"default","_kad_post_sidebar_id":"","_kad_post_content_style":"default","_kad_post_vertical_padding":"default","_kad_post_feature":"","_kad_post_feature_position":"","_kad_post_header":false,"_kad_post_footer":false},"product_brand":[],"product_cat":[926,950],"product_tag":[],"class_list":{"0":"post-3179","1":"product","2":"type-product","3":"status-publish","4":"has-post-thumbnail","6":"product_cat-kenyerek","7":"product_cat-specialitasok","9":"first","10":"instock","11":"taxable","12":"shipping-taxable","13":"product-type-simple","14":"entry","15":"content-bg","16":"loop-entry"},"acf":[],"taxonomy_info":{"product_cat":[{"value":926,"label":"Kenyerek"},{"value":950,"label":"Specialit\u00e1sok"}]},"featured_image_src_large":["https:\/\/timkobrut.ro\/wp-content\/uploads\/2025\/04\/bagett-2.jpg",475,267,false],"author_info":[],"comment_info":0,"_links":{"self":[{"href":"https:\/\/timkobrut.ro\/hu\/wp-json\/wp\/v2\/product\/3179","targetHints":{"allow":["GET"]}}],"collection":[{"href":"https:\/\/timkobrut.ro\/hu\/wp-json\/wp\/v2\/product"}],"about":[{"href":"https:\/\/timkobrut.ro\/hu\/wp-json\/wp\/v2\/types\/product"}],"replies":[{"embeddable":true,"href":"https:\/\/timkobrut.ro\/hu\/wp-json\/wp\/v2\/comments?post=3179"}],"wp:featuredmedia":[{"embeddable":true,"href":"https:\/\/timkobrut.ro\/hu\/wp-json\/wp\/v2\/media\/3998"}],"wp:attachment":[{"href":"https:\/\/timkobrut.ro\/hu\/wp-json\/wp\/v2\/media?parent=3179"}],"wp:term":[{"taxonomy":"product_brand","embeddable":true,"href":"https:\/\/timkobrut.ro\/hu\/wp-json\/wp\/v2\/product_brand?post=3179"},{"taxonomy":"product_cat","embeddable":true,"href":"https:\/\/timkobrut.ro\/hu\/wp-json\/wp\/v2\/product_cat?post=3179"},{"taxonomy":"product_tag","embeddable":true,"href":"https:\/\/timkobrut.ro\/hu\/wp-json\/wp\/v2\/product_tag?post=3179"}],"curies":[{"name":"wp","href":"https:\/\/api.w.org\/{rel}","templated":true}]}}