{"id":3175,"date":"2024-10-10T13:03:15","date_gmt":"2024-10-10T10:03:15","guid":{"rendered":"https:\/\/timko.wpfitness.dev\/produs\/chia-magos-kenyer-05-kg\/"},"modified":"2025-06-19T14:17:42","modified_gmt":"2025-06-19T11:17:42","slug":"chia-magos-kenyer-05-kg","status":"publish","type":"product","link":"https:\/\/timkobrut.ro\/hu\/termek\/chia-magos-kenyer-05-kg\/","title":{"rendered":"Chia magos keny\u00e9r 0,5 kg"},"content":{"rendered":"<p>Ez a hagyom\u00e1nyos, k\u00e9zm\u0171ves teljes ki\u0151rl\u00e9s\u0171 keny\u00e9r k\u00fcl\u00f6nleges \u00edz\u00e9vel \u00e9s t\u00e1pl\u00e1l\u00f3 \u00f6sszetev\u0151ivel emelkedik ki. A chia mag gazdag omega-3 zs\u00edrsavakban \u00e9s antioxid\u00e1nsokban, m\u00edg a kurkuma gyullad\u00e1scs\u00f6kkent\u0151 hat\u00e1s\u00e1r\u00f3l ismert. A teljes ki\u0151rl\u00e9s\u0171 liszt pedig rostban gazdag, t\u00e1mogatva az eg\u00e9szs\u00e9ges em\u00e9szt\u00e9st \u00e9s a kiegyens\u00falyozott \u00e9trendet. Ez a keny\u00e9r nemcsak t\u00e1pl\u00e1l\u00f3, hanem \u00edzletes v\u00e1laszt\u00e1s is, amely t\u00f6k\u00e9letesen illik b\u00e1rmely \u00e9tkez\u00e9shez.<\/p>\n","protected":false},"excerpt":{"rendered":"<p>Ez a hagyom\u00e1nyos, k\u00e9zm\u0171ves teljes ki\u0151rl\u00e9s\u0171 keny\u00e9r k\u00fcl\u00f6nleges \u00edz\u00e9vel \u00e9s t\u00e1pl\u00e1l\u00f3 \u00f6sszetev\u0151ivel emelkedik ki. A chia mag gazdag omega-3 zs\u00edrsavakban \u00e9s antioxid\u00e1nsokban, m\u00edg a kurkuma gyullad\u00e1scs\u00f6kkent\u0151 hat\u00e1s\u00e1r\u00f3l ismert. A teljes ki\u0151rl\u00e9s\u0171 liszt pedig rostban gazdag, t\u00e1mogatva az eg\u00e9szs\u00e9ges em\u00e9szt\u00e9st \u00e9s a kiegyens\u00falyozott \u00e9trendet. Ez a keny\u00e9r nemcsak t\u00e1pl\u00e1l\u00f3, hanem \u00edzletes v\u00e1laszt\u00e1s is, amely t\u00f6k\u00e9letesen illik&#8230;<\/p>\n","protected":false},"featured_media":4009,"comment_status":"open","ping_status":"closed","template":"","meta":{"_acf_changed":false,"_kad_blocks_custom_css":"","_kad_blocks_head_custom_js":"","_kad_blocks_body_custom_js":"","_kad_blocks_footer_custom_js":"","_kad_post_transparent":"default","_kad_post_title":"","_kad_post_layout":"default","_kad_post_sidebar_id":"","_kad_post_content_style":"default","_kad_post_vertical_padding":"default","_kad_post_feature":"","_kad_post_feature_position":"","_kad_post_header":false,"_kad_post_footer":false},"product_brand":[],"product_cat":[926,950],"product_tag":[],"class_list":{"0":"post-3175","1":"product","2":"type-product","3":"status-publish","4":"has-post-thumbnail","6":"product_cat-kenyerek","7":"product_cat-specialitasok","9":"first","10":"instock","11":"taxable","12":"shipping-taxable","13":"product-type-simple","14":"entry","15":"content-bg","16":"loop-entry"},"acf":[],"taxonomy_info":{"product_cat":[{"value":926,"label":"Kenyerek"},{"value":950,"label":"Specialit\u00e1sok"}]},"featured_image_src_large":["https:\/\/timkobrut.ro\/wp-content\/uploads\/2024\/10\/chia-magos-1.jpg",400,225,false],"author_info":[],"comment_info":0,"_links":{"self":[{"href":"https:\/\/timkobrut.ro\/hu\/wp-json\/wp\/v2\/product\/3175","targetHints":{"allow":["GET"]}}],"collection":[{"href":"https:\/\/timkobrut.ro\/hu\/wp-json\/wp\/v2\/product"}],"about":[{"href":"https:\/\/timkobrut.ro\/hu\/wp-json\/wp\/v2\/types\/product"}],"replies":[{"embeddable":true,"href":"https:\/\/timkobrut.ro\/hu\/wp-json\/wp\/v2\/comments?post=3175"}],"wp:featuredmedia":[{"embeddable":true,"href":"https:\/\/timkobrut.ro\/hu\/wp-json\/wp\/v2\/media\/4009"}],"wp:attachment":[{"href":"https:\/\/timkobrut.ro\/hu\/wp-json\/wp\/v2\/media?parent=3175"}],"wp:term":[{"taxonomy":"product_brand","embeddable":true,"href":"https:\/\/timkobrut.ro\/hu\/wp-json\/wp\/v2\/product_brand?post=3175"},{"taxonomy":"product_cat","embeddable":true,"href":"https:\/\/timkobrut.ro\/hu\/wp-json\/wp\/v2\/product_cat?post=3175"},{"taxonomy":"product_tag","embeddable":true,"href":"https:\/\/timkobrut.ro\/hu\/wp-json\/wp\/v2\/product_tag?post=3175"}],"curies":[{"name":"wp","href":"https:\/\/api.w.org\/{rel}","templated":true}]}}