{"id":3174,"date":"2024-10-10T13:03:15","date_gmt":"2024-10-10T10:03:15","guid":{"rendered":"https:\/\/timko.wpfitness.dev\/produs\/bajor-rozskenyer-05-kg\/"},"modified":"2025-06-19T14:04:49","modified_gmt":"2025-06-19T11:04:49","slug":"bajor-rozskenyer-05-kg","status":"publish","type":"product","link":"https:\/\/timkobrut.ro\/hu\/termek\/bajor-rozskenyer-05-kg\/","title":{"rendered":"Bajor rozskeny\u00e9r 0,5 kg"},"content":{"rendered":"<p>A hagyom\u00e1nyos recept alapj\u00e1n k\u00e9sz\u00fclt k\u00e9zm\u0171ves bajor rozskeny\u00e9r 0,5 kg-os kiszerel\u00e9sben kaphat\u00f3. Rozslisztb\u0151l k\u00e9sz\u00fclt, ropog\u00f3s h\u00e9j\u00fa \u00e9s puha belsej\u0171, \u00edgy k\u00fcl\u00f6nlegesen finom minden \u00e9tkez\u00e9shez. Kiv\u00e1l\u00f3 v\u00e1laszt\u00e1s mindennapi fogyaszt\u00e1sra, eg\u00e9szs\u00e9ges \u00e9s t\u00e1pl\u00e1l\u00f3 keny\u00e9rk\u00e9nt.<\/p>\n","protected":false},"excerpt":{"rendered":"<p>A hagyom\u00e1nyos recept alapj\u00e1n k\u00e9sz\u00fclt k\u00e9zm\u0171ves bajor rozskeny\u00e9r 0,5 kg-os kiszerel\u00e9sben kaphat\u00f3. Rozslisztb\u0151l k\u00e9sz\u00fclt, ropog\u00f3s h\u00e9j\u00fa \u00e9s puha belsej\u0171, \u00edgy k\u00fcl\u00f6nlegesen finom minden \u00e9tkez\u00e9shez. Kiv\u00e1l\u00f3 v\u00e1laszt\u00e1s mindennapi fogyaszt\u00e1sra, eg\u00e9szs\u00e9ges \u00e9s t\u00e1pl\u00e1l\u00f3 keny\u00e9rk\u00e9nt.<\/p>\n","protected":false},"featured_media":4035,"comment_status":"open","ping_status":"closed","template":"","meta":{"_acf_changed":false,"_kad_blocks_custom_css":"","_kad_blocks_head_custom_js":"","_kad_blocks_body_custom_js":"","_kad_blocks_footer_custom_js":"","_kad_post_transparent":"default","_kad_post_title":"","_kad_post_layout":"default","_kad_post_sidebar_id":"","_kad_post_content_style":"default","_kad_post_vertical_padding":"default","_kad_post_feature":"","_kad_post_feature_position":"","_kad_post_header":false,"_kad_post_footer":false},"product_brand":[],"product_cat":[926,941],"product_tag":[],"class_list":{"0":"post-3174","1":"product","2":"type-product","3":"status-publish","4":"has-post-thumbnail","6":"product_cat-kenyerek","7":"product_cat-rozskenyerek","9":"first","10":"instock","11":"taxable","12":"shipping-taxable","13":"product-type-simple","14":"entry","15":"content-bg","16":"loop-entry"},"acf":[],"taxonomy_info":{"product_cat":[{"value":926,"label":"Kenyerek"},{"value":941,"label":"Rozskenyerek"}]},"featured_image_src_large":["https:\/\/timkobrut.ro\/wp-content\/uploads\/2024\/10\/Bajor-rozs.jpg",400,344,false],"author_info":[],"comment_info":0,"_links":{"self":[{"href":"https:\/\/timkobrut.ro\/hu\/wp-json\/wp\/v2\/product\/3174","targetHints":{"allow":["GET"]}}],"collection":[{"href":"https:\/\/timkobrut.ro\/hu\/wp-json\/wp\/v2\/product"}],"about":[{"href":"https:\/\/timkobrut.ro\/hu\/wp-json\/wp\/v2\/types\/product"}],"replies":[{"embeddable":true,"href":"https:\/\/timkobrut.ro\/hu\/wp-json\/wp\/v2\/comments?post=3174"}],"wp:featuredmedia":[{"embeddable":true,"href":"https:\/\/timkobrut.ro\/hu\/wp-json\/wp\/v2\/media\/4035"}],"wp:attachment":[{"href":"https:\/\/timkobrut.ro\/hu\/wp-json\/wp\/v2\/media?parent=3174"}],"wp:term":[{"taxonomy":"product_brand","embeddable":true,"href":"https:\/\/timkobrut.ro\/hu\/wp-json\/wp\/v2\/product_brand?post=3174"},{"taxonomy":"product_cat","embeddable":true,"href":"https:\/\/timkobrut.ro\/hu\/wp-json\/wp\/v2\/product_cat?post=3174"},{"taxonomy":"product_tag","embeddable":true,"href":"https:\/\/timkobrut.ro\/hu\/wp-json\/wp\/v2\/product_tag?post=3174"}],"curies":[{"name":"wp","href":"https:\/\/api.w.org\/{rel}","templated":true}]}}