{"id":3173,"date":"2024-10-10T13:03:15","date_gmt":"2024-10-10T10:03:15","guid":{"rendered":"https:\/\/timko.wpfitness.dev\/produs\/rozskenyer-05-kg\/"},"modified":"2025-06-19T14:12:21","modified_gmt":"2025-06-19T11:12:21","slug":"rozskenyer-05-kg","status":"publish","type":"product","link":"https:\/\/timkobrut.ro\/hu\/termek\/rozskenyer-05-kg\/","title":{"rendered":"Rozskeny\u00e9r 0,5 kg"},"content":{"rendered":"<p>A term\u00e9szetes \u00f6sszetev\u0151kb\u0151l k\u00e9sz\u00fclt kov\u00e1szos rozskeny\u00e9r 0,5 kg-os kiszerel\u00e9sben kaphat\u00f3. Ropog\u00f3s h\u00e9ja, puha belseje \u00e9s jellegzetes rozsos \u00edze mellett magas rosttartalm\u00e1val, t\u00e1mogatja az eg\u00e9szs\u00e9get. K\u00f6nnyen beilleszthet\u0151 az eg\u00e9szs\u00e9gtudatos, fogy\u00f3k\u00far\u00e1s \u00e9s di\u00e9t\u00e1s \u00e9trendekbe.<\/p>\n","protected":false},"excerpt":{"rendered":"<p>A term\u00e9szetes \u00f6sszetev\u0151kb\u0151l k\u00e9sz\u00fclt kov\u00e1szos rozskeny\u00e9r 0,5 kg-os kiszerel\u00e9sben kaphat\u00f3. Ropog\u00f3s h\u00e9ja, puha belseje \u00e9s jellegzetes rozsos \u00edze mellett magas rosttartalm\u00e1val, t\u00e1mogatja az eg\u00e9szs\u00e9get. K\u00f6nnyen beilleszthet\u0151 az eg\u00e9szs\u00e9gtudatos, fogy\u00f3k\u00far\u00e1s \u00e9s di\u00e9t\u00e1s \u00e9trendekbe.<\/p>\n","protected":false},"featured_media":4032,"comment_status":"open","ping_status":"closed","template":"","meta":{"_acf_changed":false,"_kad_blocks_custom_css":"","_kad_blocks_head_custom_js":"","_kad_blocks_body_custom_js":"","_kad_blocks_footer_custom_js":"","_kad_post_transparent":"default","_kad_post_title":"","_kad_post_layout":"default","_kad_post_sidebar_id":"","_kad_post_content_style":"default","_kad_post_vertical_padding":"default","_kad_post_feature":"","_kad_post_feature_position":"","_kad_post_header":false,"_kad_post_footer":false},"product_brand":[],"product_cat":[926,941],"product_tag":[],"class_list":{"0":"post-3173","1":"product","2":"type-product","3":"status-publish","4":"has-post-thumbnail","6":"product_cat-kenyerek","7":"product_cat-rozskenyerek","9":"first","10":"instock","11":"taxable","12":"shipping-taxable","13":"product-type-simple","14":"entry","15":"content-bg","16":"loop-entry"},"acf":[],"taxonomy_info":{"product_cat":[{"value":926,"label":"Kenyerek"},{"value":941,"label":"Rozskenyerek"}]},"featured_image_src_large":["https:\/\/timkobrut.ro\/wp-content\/uploads\/2024\/10\/Rozskenyer-1.jpg",400,225,false],"author_info":[],"comment_info":0,"_links":{"self":[{"href":"https:\/\/timkobrut.ro\/hu\/wp-json\/wp\/v2\/product\/3173","targetHints":{"allow":["GET"]}}],"collection":[{"href":"https:\/\/timkobrut.ro\/hu\/wp-json\/wp\/v2\/product"}],"about":[{"href":"https:\/\/timkobrut.ro\/hu\/wp-json\/wp\/v2\/types\/product"}],"replies":[{"embeddable":true,"href":"https:\/\/timkobrut.ro\/hu\/wp-json\/wp\/v2\/comments?post=3173"}],"wp:featuredmedia":[{"embeddable":true,"href":"https:\/\/timkobrut.ro\/hu\/wp-json\/wp\/v2\/media\/4032"}],"wp:attachment":[{"href":"https:\/\/timkobrut.ro\/hu\/wp-json\/wp\/v2\/media?parent=3173"}],"wp:term":[{"taxonomy":"product_brand","embeddable":true,"href":"https:\/\/timkobrut.ro\/hu\/wp-json\/wp\/v2\/product_brand?post=3173"},{"taxonomy":"product_cat","embeddable":true,"href":"https:\/\/timkobrut.ro\/hu\/wp-json\/wp\/v2\/product_cat?post=3173"},{"taxonomy":"product_tag","embeddable":true,"href":"https:\/\/timkobrut.ro\/hu\/wp-json\/wp\/v2\/product_tag?post=3173"}],"curies":[{"name":"wp","href":"https:\/\/api.w.org\/{rel}","templated":true}]}}