{"id":3172,"date":"2025-04-22T11:31:16","date_gmt":"2025-04-22T08:31:16","guid":{"rendered":"https:\/\/timko.wpfitness.dev\/produs\/a-kiraly-kenyere-05-kg\/"},"modified":"2025-06-19T13:50:07","modified_gmt":"2025-06-19T10:50:07","slug":"a-kiraly-kenyere-05-kg","status":"publish","type":"product","link":"https:\/\/timkobrut.ro\/hu\/termek\/a-kiraly-kenyere-05-kg\/","title":{"rendered":"A kir\u00e1ly kenyere 0,5 kg"},"content":{"rendered":"<p>A Kir\u00e1ly Kenyere 0,5 kg-os kiszerel\u00e9sben term\u00e9szetes \u00f6sszetev\u0151kb\u0151l, rozskov\u00e1szos, t\u00f6nk\u00f6lyb\u00fazalisztb\u0151l \u00e9s rozslisztb\u0151l k\u00e9sz\u00fclt finom hagyom\u00e1nyos k\u00e9zm\u0171ves keny\u00e9r. A rozs \u00e9s a t\u00f6nk\u00f6lyb\u00faza t\u00e1panyagban gazdag \u00f6sszet\u00e9tele seg\u00edthet a v\u00e9rcukorszint szab\u00e1lyoz\u00e1s\u00e1ban \u00e9s a sz\u00edv- \u00e9s \u00e9rrendszeri eg\u00e9szs\u00e9g meg\u0151rz\u00e9s\u00e9ben. Kiv\u00e1l\u00f3 v\u00e1laszt\u00e1s mindennapi fogyaszt\u00e1sra, t\u00e1pl\u00e1l\u00f3 \u00e9s \u00edzletes keny\u00e9rk\u00e9nt.<\/p>\n","protected":false},"excerpt":{"rendered":"<p>A Kir\u00e1ly Kenyere 0,5 kg-os kiszerel\u00e9sben term\u00e9szetes \u00f6sszetev\u0151kb\u0151l, rozskov\u00e1szos, t\u00f6nk\u00f6lyb\u00fazalisztb\u0151l \u00e9s rozslisztb\u0151l k\u00e9sz\u00fclt finom hagyom\u00e1nyos k\u00e9zm\u0171ves keny\u00e9r. A rozs \u00e9s a t\u00f6nk\u00f6lyb\u00faza t\u00e1panyagban gazdag \u00f6sszet\u00e9tele seg\u00edthet a v\u00e9rcukorszint szab\u00e1lyoz\u00e1s\u00e1ban \u00e9s a sz\u00edv- \u00e9s \u00e9rrendszeri eg\u00e9szs\u00e9g meg\u0151rz\u00e9s\u00e9ben. Kiv\u00e1l\u00f3 v\u00e1laszt\u00e1s mindennapi fogyaszt\u00e1sra, t\u00e1pl\u00e1l\u00f3 \u00e9s \u00edzletes keny\u00e9rk\u00e9nt.<\/p>\n","protected":false},"featured_media":4006,"comment_status":"closed","ping_status":"closed","template":"","meta":{"_acf_changed":false,"_kad_blocks_custom_css":"","_kad_blocks_head_custom_js":"","_kad_blocks_body_custom_js":"","_kad_blocks_footer_custom_js":"","_kad_post_transparent":"default","_kad_post_title":"","_kad_post_layout":"default","_kad_post_sidebar_id":"","_kad_post_content_style":"default","_kad_post_vertical_padding":"default","_kad_post_feature":"","_kad_post_feature_position":"","_kad_post_header":false,"_kad_post_footer":false},"product_brand":[],"product_cat":[941],"product_tag":[],"class_list":{"0":"post-3172","1":"product","2":"type-product","3":"status-publish","4":"has-post-thumbnail","6":"product_cat-rozskenyerek","8":"first","9":"instock","10":"taxable","11":"shipping-taxable","12":"product-type-simple","13":"entry","14":"content-bg","15":"loop-entry"},"acf":[],"taxonomy_info":{"product_cat":[{"value":941,"label":"Rozskenyerek"}]},"featured_image_src_large":["https:\/\/timkobrut.ro\/wp-content\/uploads\/2024\/10\/Kiraly.jpg",400,250,false],"author_info":[],"comment_info":0,"_links":{"self":[{"href":"https:\/\/timkobrut.ro\/hu\/wp-json\/wp\/v2\/product\/3172","targetHints":{"allow":["GET"]}}],"collection":[{"href":"https:\/\/timkobrut.ro\/hu\/wp-json\/wp\/v2\/product"}],"about":[{"href":"https:\/\/timkobrut.ro\/hu\/wp-json\/wp\/v2\/types\/product"}],"replies":[{"embeddable":true,"href":"https:\/\/timkobrut.ro\/hu\/wp-json\/wp\/v2\/comments?post=3172"}],"wp:featuredmedia":[{"embeddable":true,"href":"https:\/\/timkobrut.ro\/hu\/wp-json\/wp\/v2\/media\/4006"}],"wp:attachment":[{"href":"https:\/\/timkobrut.ro\/hu\/wp-json\/wp\/v2\/media?parent=3172"}],"wp:term":[{"taxonomy":"product_brand","embeddable":true,"href":"https:\/\/timkobrut.ro\/hu\/wp-json\/wp\/v2\/product_brand?post=3172"},{"taxonomy":"product_cat","embeddable":true,"href":"https:\/\/timkobrut.ro\/hu\/wp-json\/wp\/v2\/product_cat?post=3172"},{"taxonomy":"product_tag","embeddable":true,"href":"https:\/\/timkobrut.ro\/hu\/wp-json\/wp\/v2\/product_tag?post=3172"}],"curies":[{"name":"wp","href":"https:\/\/api.w.org\/{rel}","templated":true}]}}