{"id":3171,"date":"2024-10-10T13:03:15","date_gmt":"2024-10-10T10:03:15","guid":{"rendered":"https:\/\/timko.wpfitness.dev\/produs\/hagyomanyos-teljes-kiorlesu-kenyer-06-kg\/"},"modified":"2025-06-19T13:43:19","modified_gmt":"2025-06-19T10:43:19","slug":"hagyomanyos-teljes-kiorlesu-kenyer-06-kg","status":"publish","type":"product","link":"https:\/\/timkobrut.ro\/hu\/termek\/hagyomanyos-teljes-kiorlesu-kenyer-06-kg\/","title":{"rendered":"Hagyom\u00e1nyos teljes ki\u00f6rl\u00e9s\u0171 keny\u00e9r 0,6 kg"},"content":{"rendered":"<p>P\u00e2inea integral\u0103 este preg\u0103tit\u0103 doar din ingrediente naturale dup\u0103 o re\u021bet\u0103 tradi\u021bional\u0103 cu maia. Este bogat\u0103 \u00een nutrien\u021bi \u0219i fibre, care ajut\u0103 digestia \u0219i ofer\u0103 o senza\u021bie de sa\u021bietate de durat\u0103.<\/p>\n","protected":false},"excerpt":{"rendered":"<p>P\u00e2inea integral\u0103 este preg\u0103tit\u0103 doar din ingrediente naturale dup\u0103 o re\u021bet\u0103 tradi\u021bional\u0103 cu maia. Este bogat\u0103 \u00een nutrien\u021bi \u0219i fibre, care ajut\u0103 digestia \u0219i ofer\u0103 o senza\u021bie de sa\u021bietate de durat\u0103.<\/p>\n","protected":false},"featured_media":4029,"comment_status":"open","ping_status":"closed","template":"","meta":{"_acf_changed":false,"_kad_blocks_custom_css":"","_kad_blocks_head_custom_js":"","_kad_blocks_body_custom_js":"","_kad_blocks_footer_custom_js":"","_kad_post_transparent":"default","_kad_post_title":"","_kad_post_layout":"default","_kad_post_sidebar_id":"","_kad_post_content_style":"default","_kad_post_vertical_padding":"default","_kad_post_feature":"","_kad_post_feature_position":"","_kad_post_header":false,"_kad_post_footer":false},"product_brand":[],"product_cat":[926,940],"product_tag":[],"class_list":{"0":"post-3171","1":"product","2":"type-product","3":"status-publish","4":"has-post-thumbnail","6":"product_cat-kenyerek","7":"product_cat-barna-kenyerek","9":"first","10":"instock","11":"taxable","12":"shipping-taxable","13":"product-type-simple","14":"entry","15":"content-bg","16":"loop-entry"},"acf":[],"taxonomy_info":{"product_cat":[{"value":926,"label":"Kenyerek"},{"value":940,"label":"Barna kenyerek"}]},"featured_image_src_large":["https:\/\/timkobrut.ro\/wp-content\/uploads\/2024\/10\/teljes-kiorlesu-2.jpg",400,225,false],"author_info":[],"comment_info":0,"_links":{"self":[{"href":"https:\/\/timkobrut.ro\/hu\/wp-json\/wp\/v2\/product\/3171","targetHints":{"allow":["GET"]}}],"collection":[{"href":"https:\/\/timkobrut.ro\/hu\/wp-json\/wp\/v2\/product"}],"about":[{"href":"https:\/\/timkobrut.ro\/hu\/wp-json\/wp\/v2\/types\/product"}],"replies":[{"embeddable":true,"href":"https:\/\/timkobrut.ro\/hu\/wp-json\/wp\/v2\/comments?post=3171"}],"wp:featuredmedia":[{"embeddable":true,"href":"https:\/\/timkobrut.ro\/hu\/wp-json\/wp\/v2\/media\/4029"}],"wp:attachment":[{"href":"https:\/\/timkobrut.ro\/hu\/wp-json\/wp\/v2\/media?parent=3171"}],"wp:term":[{"taxonomy":"product_brand","embeddable":true,"href":"https:\/\/timkobrut.ro\/hu\/wp-json\/wp\/v2\/product_brand?post=3171"},{"taxonomy":"product_cat","embeddable":true,"href":"https:\/\/timkobrut.ro\/hu\/wp-json\/wp\/v2\/product_cat?post=3171"},{"taxonomy":"product_tag","embeddable":true,"href":"https:\/\/timkobrut.ro\/hu\/wp-json\/wp\/v2\/product_tag?post=3171"}],"curies":[{"name":"wp","href":"https:\/\/api.w.org\/{rel}","templated":true}]}}