{"id":3166,"date":"2024-10-10T13:03:14","date_gmt":"2024-10-10T10:03:14","guid":{"rendered":"https:\/\/timko.wpfitness.dev\/produs\/vert-krumplis-kenyer-07-kg\/"},"modified":"2025-06-19T12:28:44","modified_gmt":"2025-06-19T09:28:44","slug":"vert-krumplis-kenyer-07-kg","status":"publish","type":"product","link":"https:\/\/timkobrut.ro\/hu\/termek\/vert-krumplis-kenyer-07-kg\/","title":{"rendered":"Vert krumplis keny\u00e9r 0,7 kg"},"content":{"rendered":"<p>P\u00e2inea alb\u0103 cu cartofi de 0,7 kg este preg\u0103tit\u0103 doar din ingrediente naturale dup\u0103 o re\u021bet\u0103 tradi\u021bional\u0103 cu maia. Acest\u0103 p\u00e2ine se remarc\u0103 prin coaja b\u0103tut\u0103 \u0219i miezul moale.<\/p>\n","protected":false},"excerpt":{"rendered":"<p>P\u00e2inea alb\u0103 cu cartofi de 0,7 kg este preg\u0103tit\u0103 doar din ingrediente naturale dup\u0103 o re\u021bet\u0103 tradi\u021bional\u0103 cu maia. Acest\u0103 p\u00e2ine se remarc\u0103 prin coaja b\u0103tut\u0103 \u0219i miezul moale.<\/p>\n","protected":false},"featured_media":4065,"comment_status":"open","ping_status":"closed","template":"","meta":{"_acf_changed":false,"_kad_blocks_custom_css":"","_kad_blocks_head_custom_js":"","_kad_blocks_body_custom_js":"","_kad_blocks_footer_custom_js":"","_kad_post_transparent":"default","_kad_post_title":"","_kad_post_layout":"default","_kad_post_sidebar_id":"","_kad_post_content_style":"default","_kad_post_vertical_padding":"default","_kad_post_feature":"","_kad_post_feature_position":"","_kad_post_header":false,"_kad_post_footer":false},"product_brand":[],"product_cat":[926,939],"product_tag":[],"class_list":{"0":"post-3166","1":"product","2":"type-product","3":"status-publish","4":"has-post-thumbnail","6":"product_cat-kenyerek","7":"product_cat-krumplis-kenyerek","9":"first","10":"instock","11":"taxable","12":"shipping-taxable","13":"product-type-simple","14":"entry","15":"content-bg","16":"loop-entry"},"acf":[],"taxonomy_info":{"product_cat":[{"value":926,"label":"Kenyerek"},{"value":939,"label":"Krumplis kenyerek"}]},"featured_image_src_large":["https:\/\/timkobrut.ro\/wp-content\/uploads\/2024\/10\/Vert-krumplis-07kg.jpg",400,281,false],"author_info":[],"comment_info":0,"_links":{"self":[{"href":"https:\/\/timkobrut.ro\/hu\/wp-json\/wp\/v2\/product\/3166","targetHints":{"allow":["GET"]}}],"collection":[{"href":"https:\/\/timkobrut.ro\/hu\/wp-json\/wp\/v2\/product"}],"about":[{"href":"https:\/\/timkobrut.ro\/hu\/wp-json\/wp\/v2\/types\/product"}],"replies":[{"embeddable":true,"href":"https:\/\/timkobrut.ro\/hu\/wp-json\/wp\/v2\/comments?post=3166"}],"wp:featuredmedia":[{"embeddable":true,"href":"https:\/\/timkobrut.ro\/hu\/wp-json\/wp\/v2\/media\/4065"}],"wp:attachment":[{"href":"https:\/\/timkobrut.ro\/hu\/wp-json\/wp\/v2\/media?parent=3166"}],"wp:term":[{"taxonomy":"product_brand","embeddable":true,"href":"https:\/\/timkobrut.ro\/hu\/wp-json\/wp\/v2\/product_brand?post=3166"},{"taxonomy":"product_cat","embeddable":true,"href":"https:\/\/timkobrut.ro\/hu\/wp-json\/wp\/v2\/product_cat?post=3166"},{"taxonomy":"product_tag","embeddable":true,"href":"https:\/\/timkobrut.ro\/hu\/wp-json\/wp\/v2\/product_tag?post=3166"}],"curies":[{"name":"wp","href":"https:\/\/api.w.org\/{rel}","templated":true}]}}