{"id":4613,"date":"2025-04-22T12:04:55","date_gmt":"2025-04-22T09:04:55","guid":{"rendered":"https:\/\/timko.wpfitness.dev\/produs\/fursecuri-dulci-200-g\/"},"modified":"2025-05-22T10:14:57","modified_gmt":"2025-05-22T07:14:57","slug":"sweet-cookies","status":"publish","type":"product","link":"https:\/\/timkobrut.ro\/en\/product\/sweet-cookies\/","title":{"rendered":"Sweet cookies"},"content":{"rendered":"<p class=\"\" data-start=\"94\" data-end=\"312\">Fursecurile noastre sunt preparate din f\u0103in\u0103 alb\u0103, margarin\u0103 vegetal\u0103, zah\u0103r, g\u0103lbenu\u0219 de ou, zah\u0103r vanilat \u0219i bicarbonat de sodiu \u2013 o re\u021bet\u0103 simpl\u0103, dar savuroas\u0103. Perfecte l\u00e2ng\u0103 o cafea sau ca gustare dulce \u00een orice moment al zilei.<\/p>\n<p class=\"\" data-start=\"314\" data-end=\"383\">\n","protected":false},"excerpt":{"rendered":"<p>Fursecurile noastre sunt preparate din f\u0103in\u0103 alb\u0103, margarin\u0103 vegetal\u0103, zah\u0103r, g\u0103lbenu\u0219 de ou, zah\u0103r vanilat \u0219i bicarbonat de sodiu \u2013 o re\u021bet\u0103 simpl\u0103, dar savuroas\u0103. Perfecte l\u00e2ng\u0103 o cafea sau ca gustare dulce \u00een orice moment al zilei.<\/p>\n","protected":false},"featured_media":4306,"comment_status":"closed","ping_status":"closed","template":"","meta":{"_acf_changed":false,"_kad_blocks_custom_css":"","_kad_blocks_head_custom_js":"","_kad_blocks_body_custom_js":"","_kad_blocks_footer_custom_js":"","_kad_post_transparent":"default","_kad_post_title":"","_kad_post_layout":"default","_kad_post_sidebar_id":"","_kad_post_content_style":"default","_kad_post_vertical_padding":"default","_kad_post_feature":"","_kad_post_feature_position":"","_kad_post_header":false,"_kad_post_footer":false},"product_brand":[],"product_cat":[980],"product_tag":[],"class_list":{"0":"post-4613","1":"product","2":"type-product","3":"status-publish","4":"has-post-thumbnail","6":"product_cat-sweet-biscuits","8":"first","9":"instock","10":"taxable","11":"shipping-taxable","12":"product-type-simple","13":"entry","14":"content-bg","15":"loop-entry"},"acf":[],"taxonomy_info":{"product_cat":[{"value":980,"label":"Sweet biscuits"}]},"featured_image_src_large":["https:\/\/timkobrut.ro\/wp-content\/uploads\/2025\/04\/1000057952.jpg",400,225,false],"author_info":[],"comment_info":0,"_links":{"self":[{"href":"https:\/\/timkobrut.ro\/en\/wp-json\/wp\/v2\/product\/4613","targetHints":{"allow":["GET"]}}],"collection":[{"href":"https:\/\/timkobrut.ro\/en\/wp-json\/wp\/v2\/product"}],"about":[{"href":"https:\/\/timkobrut.ro\/en\/wp-json\/wp\/v2\/types\/product"}],"replies":[{"embeddable":true,"href":"https:\/\/timkobrut.ro\/en\/wp-json\/wp\/v2\/comments?post=4613"}],"wp:featuredmedia":[{"embeddable":true,"href":"https:\/\/timkobrut.ro\/en\/wp-json\/wp\/v2\/media\/4306"}],"wp:attachment":[{"href":"https:\/\/timkobrut.ro\/en\/wp-json\/wp\/v2\/media?parent=4613"}],"wp:term":[{"taxonomy":"product_brand","embeddable":true,"href":"https:\/\/timkobrut.ro\/en\/wp-json\/wp\/v2\/product_brand?post=4613"},{"taxonomy":"product_cat","embeddable":true,"href":"https:\/\/timkobrut.ro\/en\/wp-json\/wp\/v2\/product_cat?post=4613"},{"taxonomy":"product_tag","embeddable":true,"href":"https:\/\/timkobrut.ro\/en\/wp-json\/wp\/v2\/product_tag?post=4613"}],"curies":[{"name":"wp","href":"https:\/\/api.w.org\/{rel}","templated":true}]}}