{"id":4605,"date":"2024-10-10T13:03:17","date_gmt":"2024-10-10T10:03:17","guid":{"rendered":"https:\/\/timko.wpfitness.dev\/produs\/placinta-cu-varza-90-g\/"},"modified":"2025-05-22T09:22:34","modified_gmt":"2025-05-22T06:22:34","slug":"placinta-cu-varza-90-g","status":"publish","type":"product","link":"https:\/\/timkobrut.ro\/en\/product\/placinta-cu-varza-90-g\/","title":{"rendered":"Cabbage pie 90 g"},"content":{"rendered":"<p>Pl\u0103cinta cu varz\u0103, cu gust tradi\u021bional, este realizat\u0103 din ingrediente naturale \u0219i umplut\u0103 cu o delicioas\u0103 compozi\u021bie de varz\u0103. Aceast\u0103 umplutur\u0103 deosebit\u0103 face ca aceast\u0103 patiserie tradi\u021bional\u0103 s\u0103 fie cu adev\u0103rat unic\u0103 \u0219i savuroas\u0103. Este o alegere ideal\u0103 pentru orice mas\u0103 sau ca gustare.<\/p>\n","protected":false},"excerpt":{"rendered":"<p>Pl\u0103cinta cu varz\u0103, cu gust tradi\u021bional, este realizat\u0103 din ingrediente naturale \u0219i umplut\u0103 cu o delicioas\u0103 compozi\u021bie de varz\u0103. Aceast\u0103 umplutur\u0103 deosebit\u0103 face ca aceast\u0103 patiserie tradi\u021bional\u0103 s\u0103 fie cu adev\u0103rat unic\u0103 \u0219i savuroas\u0103. Este o alegere ideal\u0103 pentru orice mas\u0103 sau ca gustare.<\/p>\n","protected":false},"featured_media":4183,"comment_status":"open","ping_status":"closed","template":"","meta":{"_acf_changed":false,"_kad_blocks_custom_css":"","_kad_blocks_head_custom_js":"","_kad_blocks_body_custom_js":"","_kad_blocks_footer_custom_js":"","_kad_post_transparent":"default","_kad_post_title":"","_kad_post_layout":"default","_kad_post_sidebar_id":"","_kad_post_content_style":"default","_kad_post_vertical_padding":"default","_kad_post_feature":"","_kad_post_feature_position":"","_kad_post_header":false,"_kad_post_footer":false},"product_brand":[],"product_cat":[971,983],"product_tag":[],"class_list":{"0":"post-4605","1":"product","2":"type-product","3":"status-publish","4":"has-post-thumbnail","6":"product_cat-pastries","7":"product_cat-salty-pastries","9":"first","10":"instock","11":"taxable","12":"shipping-taxable","13":"product-type-simple","14":"entry","15":"content-bg","16":"loop-entry"},"acf":[],"taxonomy_info":{"product_cat":[{"value":971,"label":"Pastries"},{"value":983,"label":"Salty pastries"}]},"featured_image_src_large":["https:\/\/timkobrut.ro\/wp-content\/uploads\/2025\/04\/Kaposztas-leveles.jpg",400,225,false],"author_info":[],"comment_info":0,"_links":{"self":[{"href":"https:\/\/timkobrut.ro\/en\/wp-json\/wp\/v2\/product\/4605","targetHints":{"allow":["GET"]}}],"collection":[{"href":"https:\/\/timkobrut.ro\/en\/wp-json\/wp\/v2\/product"}],"about":[{"href":"https:\/\/timkobrut.ro\/en\/wp-json\/wp\/v2\/types\/product"}],"replies":[{"embeddable":true,"href":"https:\/\/timkobrut.ro\/en\/wp-json\/wp\/v2\/comments?post=4605"}],"wp:featuredmedia":[{"embeddable":true,"href":"https:\/\/timkobrut.ro\/en\/wp-json\/wp\/v2\/media\/4183"}],"wp:attachment":[{"href":"https:\/\/timkobrut.ro\/en\/wp-json\/wp\/v2\/media?parent=4605"}],"wp:term":[{"taxonomy":"product_brand","embeddable":true,"href":"https:\/\/timkobrut.ro\/en\/wp-json\/wp\/v2\/product_brand?post=4605"},{"taxonomy":"product_cat","embeddable":true,"href":"https:\/\/timkobrut.ro\/en\/wp-json\/wp\/v2\/product_cat?post=4605"},{"taxonomy":"product_tag","embeddable":true,"href":"https:\/\/timkobrut.ro\/en\/wp-json\/wp\/v2\/product_tag?post=4605"}],"curies":[{"name":"wp","href":"https:\/\/api.w.org\/{rel}","templated":true}]}}