{"id":3681,"date":"2024-10-10T13:03:13","date_gmt":"2024-10-10T10:03:13","guid":{"rendered":"https:\/\/timko.wpfitness.dev\/produs\/paine-alba-1-kg\/"},"modified":"2025-06-04T13:41:06","modified_gmt":"2025-06-04T10:41:06","slug":"white-bread-1-kg","status":"publish","type":"product","link":"https:\/\/timkobrut.ro\/en\/product\/white-bread-1-kg\/","title":{"rendered":"White bread 1 kg"},"content":{"rendered":"<p>P\u00e2ine alb\u0103 de 1 kg, realizat\u0103 dup\u0103 o re\u021bet\u0103 tradi\u021bional\u0103. Datorit\u0103 ingredientelor naturale, aceast\u0103 p\u00e2ine cu o crust\u0103 crocant\u0103 \u0219i un miez moale este o alegere excelent\u0103 pentru orice mas\u0103.<\/p>\n","protected":false},"excerpt":{"rendered":"<p>P\u00e2ine alb\u0103 de 1 kg, realizat\u0103 dup\u0103 o re\u021bet\u0103 tradi\u021bional\u0103. Datorit\u0103 ingredientelor naturale, aceast\u0103 p\u00e2ine cu o crust\u0103 crocant\u0103 \u0219i un miez moale este o alegere excelent\u0103 pentru orice mas\u0103.<\/p>\n","protected":false},"featured_media":4250,"comment_status":"open","ping_status":"closed","template":"","meta":{"_acf_changed":false,"_kad_blocks_custom_css":"","_kad_blocks_head_custom_js":"","_kad_blocks_body_custom_js":"","_kad_blocks_footer_custom_js":"","_kad_post_transparent":"default","_kad_post_title":"","_kad_post_layout":"default","_kad_post_sidebar_id":"","_kad_post_content_style":"default","_kad_post_vertical_padding":"default","_kad_post_feature":"","_kad_post_feature_position":"","_kad_post_header":false,"_kad_post_footer":false},"product_brand":[],"product_cat":[968,963],"product_tag":[],"class_list":{"0":"post-3681","1":"product","2":"type-product","3":"status-publish","4":"has-post-thumbnail","6":"product_cat-bread","7":"product_cat-white-bread","9":"first","10":"instock","11":"taxable","12":"shipping-taxable","13":"product-type-simple","14":"entry","15":"content-bg","16":"loop-entry"},"acf":[],"taxonomy_info":{"product_cat":[{"value":968,"label":"Bread"},{"value":963,"label":"White bread"}]},"featured_image_src_large":["https:\/\/timkobrut.ro\/wp-content\/uploads\/2024\/10\/paine-alba-1-kg.jpg",400,225,false],"author_info":[],"comment_info":0,"_links":{"self":[{"href":"https:\/\/timkobrut.ro\/en\/wp-json\/wp\/v2\/product\/3681","targetHints":{"allow":["GET"]}}],"collection":[{"href":"https:\/\/timkobrut.ro\/en\/wp-json\/wp\/v2\/product"}],"about":[{"href":"https:\/\/timkobrut.ro\/en\/wp-json\/wp\/v2\/types\/product"}],"replies":[{"embeddable":true,"href":"https:\/\/timkobrut.ro\/en\/wp-json\/wp\/v2\/comments?post=3681"}],"wp:featuredmedia":[{"embeddable":true,"href":"https:\/\/timkobrut.ro\/en\/wp-json\/wp\/v2\/media\/4250"}],"wp:attachment":[{"href":"https:\/\/timkobrut.ro\/en\/wp-json\/wp\/v2\/media?parent=3681"}],"wp:term":[{"taxonomy":"product_brand","embeddable":true,"href":"https:\/\/timkobrut.ro\/en\/wp-json\/wp\/v2\/product_brand?post=3681"},{"taxonomy":"product_cat","embeddable":true,"href":"https:\/\/timkobrut.ro\/en\/wp-json\/wp\/v2\/product_cat?post=3681"},{"taxonomy":"product_tag","embeddable":true,"href":"https:\/\/timkobrut.ro\/en\/wp-json\/wp\/v2\/product_tag?post=3681"}],"curies":[{"name":"wp","href":"https:\/\/api.w.org\/{rel}","templated":true}]}}